{"id":61,"date":"2025-10-01T14:02:55","date_gmt":"2025-10-01T17:02:55","guid":{"rendered":"https:\/\/pregoncriollo.cl\/?page_id=61"},"modified":"2025-10-21T21:49:18","modified_gmt":"2025-10-22T00:49:18","slug":"videos","status":"publish","type":"page","link":"https:\/\/pregoncriollo.cl\/index.php\/videos\/","title":{"rendered":"Videos"},"content":{"rendered":"\n<div class=\"wp-block-columns decoracion_imagen is-layout-flex wp-container-core-columns-is-layout-9d6595d7 wp-block-columns-is-layout-flex\">\n<div class=\"wp-block-column decoracion_imagen is-layout-flow wp-block-column-is-layout-flow\">\n<figure class=\"wp-block-embed is-type-video is-provider-youtube wp-block-embed-youtube wp-embed-aspect-16-9 wp-has-aspect-ratio\"><div class=\"wp-block-embed__wrapper\">\n<iframe loading=\"lazy\" title=\"HUASO 23\" width=\"1200\" height=\"675\" src=\"https:\/\/www.youtube.com\/embed\/1UVBnbqkXrw?feature=oembed\" frameborder=\"0\" allow=\"accelerometer; autoplay; clipboard-write; encrypted-media; gyroscope; picture-in-picture; web-share\" referrerpolicy=\"strict-origin-when-cross-origin\" allowfullscreen><\/iframe>\n<\/div><\/figure>\n<\/div>\n\n\n\n<div class=\"wp-block-column decoracion_imagen is-layout-flow wp-block-column-is-layout-flow\">\n<figure class=\"wp-block-embed is-type-video is-provider-youtube wp-block-embed-youtube wp-embed-aspect-16-9 wp-has-aspect-ratio\"><div class=\"wp-block-embed__wrapper\">\n<iframe loading=\"lazy\" title=\"BRASIL PassoFundo24\" width=\"1200\" height=\"675\" src=\"https:\/\/www.youtube.com\/embed\/TVX286EspGo?feature=oembed\" frameborder=\"0\" allow=\"accelerometer; autoplay; clipboard-write; encrypted-media; gyroscope; picture-in-picture; web-share\" referrerpolicy=\"strict-origin-when-cross-origin\" allowfullscreen><\/iframe>\n<\/div><\/figure>\n<\/div>\n\n\n\n<div class=\"wp-block-column decoracion_imagen is-layout-flow wp-block-column-is-layout-flow\">\n<figure class=\"wp-block-embed is-type-video is-provider-youtube wp-block-embed-youtube wp-embed-aspect-16-9 wp-has-aspect-ratio\"><div class=\"wp-block-embed__wrapper\">\n<iframe loading=\"lazy\" title=\"Reel PATRICIAok\" width=\"1200\" height=\"675\" src=\"https:\/\/www.youtube.com\/embed\/LPcOc0FX8zk?feature=oembed\" frameborder=\"0\" allow=\"accelerometer; autoplay; clipboard-write; encrypted-media; gyroscope; picture-in-picture; web-share\" referrerpolicy=\"strict-origin-when-cross-origin\" allowfullscreen><\/iframe>\n<\/div><\/figure>\n<\/div>\n<\/div>\n\n\n\n<div style=\"height:0px\" aria-hidden=\"true\" class=\"wp-block-spacer\"><\/div>\n\n\n\n<div class=\"wp-block-columns decoracion_imagen is-layout-flex wp-container-core-columns-is-layout-9d6595d7 wp-block-columns-is-layout-flex\">\n<div class=\"wp-block-column decoracion_imagen is-layout-flow wp-block-column-is-layout-flow\">\n<figure class=\"wp-block-embed is-type-video is-provider-youtube wp-block-embed-youtube wp-embed-aspect-16-9 wp-has-aspect-ratio\"><div class=\"wp-block-embed__wrapper\">\n<iframe loading=\"lazy\" title=\"Demo PREGONCRIOLLO2022\" width=\"1200\" height=\"675\" src=\"https:\/\/www.youtube.com\/embed\/FNg9AbixAHI?feature=oembed\" frameborder=\"0\" allow=\"accelerometer; autoplay; clipboard-write; encrypted-media; gyroscope; picture-in-picture; web-share\" referrerpolicy=\"strict-origin-when-cross-origin\" allowfullscreen><\/iframe>\n<\/div><\/figure>\n<\/div>\n\n\n\n<div class=\"wp-block-column decoracion_imagen is-layout-flow wp-block-column-is-layout-flow\">\n<figure class=\"wp-block-embed is-type-video is-provider-youtube wp-block-embed-youtube wp-embed-aspect-16-9 wp-has-aspect-ratio\"><div class=\"wp-block-embed__wrapper\">\n<iframe loading=\"lazy\" title=\"PREGON CRIOLLO EN SERBIA\" width=\"1200\" height=\"675\" src=\"https:\/\/www.youtube.com\/embed\/V8eFuxoj-k0?feature=oembed\" frameborder=\"0\" allow=\"accelerometer; autoplay; clipboard-write; encrypted-media; gyroscope; picture-in-picture; web-share\" referrerpolicy=\"strict-origin-when-cross-origin\" allowfullscreen><\/iframe>\n<\/div><\/figure>\n<\/div>\n\n\n\n<div class=\"wp-block-column decoracion_imagen is-layout-flow wp-block-column-is-layout-flow\">\n<figure class=\"wp-block-embed is-type-video is-provider-youtube wp-block-embed-youtube wp-embed-aspect-16-9 wp-has-aspect-ratio\"><div class=\"wp-block-embed__wrapper\">\n<iframe loading=\"lazy\" title=\"ESTAMPAS DE CHILE Preg\u00f3n 2024\" width=\"1200\" height=\"675\" src=\"https:\/\/www.youtube.com\/embed\/cR6iudcyscY?feature=oembed\" frameborder=\"0\" allow=\"accelerometer; autoplay; clipboard-write; encrypted-media; gyroscope; picture-in-picture; web-share\" referrerpolicy=\"strict-origin-when-cross-origin\" allowfullscreen><\/iframe>\n<\/div><\/figure>\n<\/div>\n<\/div>\n\n\n\n<div class=\"wp-block-columns decoracion_imagen is-layout-flex wp-container-core-columns-is-layout-9d6595d7 wp-block-columns-is-layout-flex\">\n<div class=\"wp-block-column decoracion_imagen is-layout-flow wp-block-column-is-layout-flow\">\n<figure class=\"wp-block-embed is-type-video is-provider-youtube wp-block-embed-youtube wp-embed-aspect-16-9 wp-has-aspect-ratio\"><div class=\"wp-block-embed__wrapper\">\n<iframe loading=\"lazy\" title=\"UNA\u00d1OMAS\" width=\"1200\" height=\"675\" src=\"https:\/\/www.youtube.com\/embed\/9Cm-S6Al--o?feature=oembed\" frameborder=\"0\" allow=\"accelerometer; autoplay; clipboard-write; encrypted-media; gyroscope; picture-in-picture; web-share\" referrerpolicy=\"strict-origin-when-cross-origin\" allowfullscreen><\/iframe>\n<\/div><\/figure>\n<\/div>\n\n\n\n<div class=\"wp-block-column decoracion_imagen is-layout-flow wp-block-column-is-layout-flow\">\n<figure class=\"wp-block-embed is-type-video is-provider-youtube wp-block-embed-youtube wp-embed-aspect-16-9 wp-has-aspect-ratio\"><div class=\"wp-block-embed__wrapper\">\n<iframe loading=\"lazy\" title=\"DESFILES  en HUNGR\u00cdA\" width=\"1200\" height=\"675\" src=\"https:\/\/www.youtube.com\/embed\/7Yd7fWLqnxA?feature=oembed\" frameborder=\"0\" allow=\"accelerometer; autoplay; clipboard-write; encrypted-media; gyroscope; picture-in-picture; web-share\" referrerpolicy=\"strict-origin-when-cross-origin\" allowfullscreen><\/iframe>\n<\/div><\/figure>\n<\/div>\n\n\n\n<div class=\"wp-block-column is-layout-flow wp-block-column-is-layout-flow\"><\/div>\n<\/div>\n\n\n\n<div style=\"height:40px\" aria-hidden=\"true\" class=\"wp-block-spacer\"><\/div>\n\n\n\n<div class=\"wp-block-buttons is-layout-flex wp-block-buttons-is-layout-flex\">\n<div class=\"wp-block-button is-style-fill\"><a class=\"wp-block-button__link wp-element-button\" href=\"https:\/\/pregoncriollo.cl\/\">Portada<\/a><\/div>\n\n\n\n<div class=\"wp-block-button is-style-fill\"><a class=\"wp-block-button__link wp-element-button\" href=\"https:\/\/pregoncriollo.cl\/index.php\/galeria\/\">Volver a Galer\u00eda<\/a><\/div>\n<\/div>\n","protected":false},"excerpt":{"rendered":"","protected":false},"author":1,"featured_media":0,"parent":0,"menu_order":12,"comment_status":"closed","ping_status":"closed","template":"","meta":{"footnotes":""},"class_list":["post-61","page","type-page","status-publish"],"yoast_head":"<!-- This site is optimized with the Yoast SEO plugin v27.2 - https:\/\/yoast.com\/product\/yoast-seo-wordpress\/ -->\n<title>Videos - Grupo Folcl\u00f3rico Preg\u00f3n Criollo<\/title>\n<meta name=\"robots\" content=\"index, follow, max-snippet:-1, max-image-preview:large, max-video-preview:-1\" \/>\n<link rel=\"canonical\" href=\"https:\/\/pregoncriollo.cl\/index.php\/videos\/\" \/>\n<meta property=\"og:locale\" content=\"es_ES\" \/>\n<meta property=\"og:type\" content=\"article\" \/>\n<meta property=\"og:title\" content=\"Videos - Grupo Folcl\u00f3rico Preg\u00f3n Criollo\" \/>\n<meta property=\"og:url\" content=\"https:\/\/pregoncriollo.cl\/index.php\/videos\/\" \/>\n<meta property=\"og:site_name\" content=\"Grupo Folcl\u00f3rico Preg\u00f3n Criollo\" \/>\n<meta property=\"article:publisher\" content=\"https:\/\/www.facebook.com\/PregonCriolloChile\/\" \/>\n<meta property=\"article:modified_time\" content=\"2025-10-22T00:49:18+00:00\" \/>\n<meta name=\"twitter:card\" content=\"summary_large_image\" \/>\n<meta name=\"twitter:label1\" content=\"Tiempo estimado de lectura\" \/>\n\t<meta name=\"twitter:data1\" content=\"1 minuto\" \/>\n<script type=\"application\/ld+json\" class=\"yoast-schema-graph\">{\"@context\":\"https:\/\/schema.org\",\"@graph\":[{\"@type\":\"WebPage\",\"@id\":\"https:\/\/pregoncriollo.cl\/index.php\/videos\/\",\"url\":\"https:\/\/pregoncriollo.cl\/index.php\/videos\/\",\"name\":\"Videos - Grupo Folcl\u00f3rico Preg\u00f3n Criollo\",\"isPartOf\":{\"@id\":\"https:\/\/pregoncriollo.cl\/#website\"},\"datePublished\":\"2025-10-01T17:02:55+00:00\",\"dateModified\":\"2025-10-22T00:49:18+00:00\",\"breadcrumb\":{\"@id\":\"https:\/\/pregoncriollo.cl\/index.php\/videos\/#breadcrumb\"},\"inLanguage\":\"es-CL\",\"potentialAction\":[{\"@type\":\"ReadAction\",\"target\":[\"https:\/\/pregoncriollo.cl\/index.php\/videos\/\"]}]},{\"@type\":\"BreadcrumbList\",\"@id\":\"https:\/\/pregoncriollo.cl\/index.php\/videos\/#breadcrumb\",\"itemListElement\":[{\"@type\":\"ListItem\",\"position\":1,\"name\":\"Portada\",\"item\":\"https:\/\/pregoncriollo.cl\/\"},{\"@type\":\"ListItem\",\"position\":2,\"name\":\"Videos\"}]},{\"@type\":\"WebSite\",\"@id\":\"https:\/\/pregoncriollo.cl\/#website\",\"url\":\"https:\/\/pregoncriollo.cl\/\",\"name\":\"Grupo Folcl\u00f3rico Preg\u00f3n Criollo\",\"description\":\"Sitio web oficial del Grupo Folcl\u00f3rico Preg\u00f3n Criollo\",\"publisher\":{\"@id\":\"https:\/\/pregoncriollo.cl\/#organization\"},\"potentialAction\":[{\"@type\":\"SearchAction\",\"target\":{\"@type\":\"EntryPoint\",\"urlTemplate\":\"https:\/\/pregoncriollo.cl\/?s={search_term_string}\"},\"query-input\":{\"@type\":\"PropertyValueSpecification\",\"valueRequired\":true,\"valueName\":\"search_term_string\"}}],\"inLanguage\":\"es-CL\"},{\"@type\":\"Organization\",\"@id\":\"https:\/\/pregoncriollo.cl\/#organization\",\"name\":\"Grupo Folcl\u00f3rico Preg\u00f3n Criollo\",\"url\":\"https:\/\/pregoncriollo.cl\/\",\"logo\":{\"@type\":\"ImageObject\",\"inLanguage\":\"es-CL\",\"@id\":\"https:\/\/pregoncriollo.cl\/#\/schema\/logo\/image\/\",\"url\":\"https:\/\/pregoncriollo.cl\/wp-content\/uploads\/2025\/10\/logo-pregon-webp.webp\",\"contentUrl\":\"https:\/\/pregoncriollo.cl\/wp-content\/uploads\/2025\/10\/logo-pregon-webp.webp\",\"width\":336,\"height\":120,\"caption\":\"Grupo Folcl\u00f3rico Preg\u00f3n Criollo\"},\"image\":{\"@id\":\"https:\/\/pregoncriollo.cl\/#\/schema\/logo\/image\/\"},\"sameAs\":[\"https:\/\/www.facebook.com\/PregonCriolloChile\/\",\"https:\/\/www.youtube.com\/channel\/UCv3UXkirClyHXugJfcCfDgg\",\"https:\/\/www.instagram.com\/pregoncriollo\/\"]}]}<\/script>\n<!-- \/ Yoast SEO plugin. -->","yoast_head_json":{"title":"Videos - Grupo Folcl\u00f3rico Preg\u00f3n Criollo","robots":{"index":"index","follow":"follow","max-snippet":"max-snippet:-1","max-image-preview":"max-image-preview:large","max-video-preview":"max-video-preview:-1"},"canonical":"https:\/\/pregoncriollo.cl\/index.php\/videos\/","og_locale":"es_ES","og_type":"article","og_title":"Videos - Grupo Folcl\u00f3rico Preg\u00f3n Criollo","og_url":"https:\/\/pregoncriollo.cl\/index.php\/videos\/","og_site_name":"Grupo Folcl\u00f3rico Preg\u00f3n Criollo","article_publisher":"https:\/\/www.facebook.com\/PregonCriolloChile\/","article_modified_time":"2025-10-22T00:49:18+00:00","twitter_card":"summary_large_image","twitter_misc":{"Tiempo estimado de lectura":"1 minuto"},"schema":{"@context":"https:\/\/schema.org","@graph":[{"@type":"WebPage","@id":"https:\/\/pregoncriollo.cl\/index.php\/videos\/","url":"https:\/\/pregoncriollo.cl\/index.php\/videos\/","name":"Videos - Grupo Folcl\u00f3rico Preg\u00f3n Criollo","isPartOf":{"@id":"https:\/\/pregoncriollo.cl\/#website"},"datePublished":"2025-10-01T17:02:55+00:00","dateModified":"2025-10-22T00:49:18+00:00","breadcrumb":{"@id":"https:\/\/pregoncriollo.cl\/index.php\/videos\/#breadcrumb"},"inLanguage":"es-CL","potentialAction":[{"@type":"ReadAction","target":["https:\/\/pregoncriollo.cl\/index.php\/videos\/"]}]},{"@type":"BreadcrumbList","@id":"https:\/\/pregoncriollo.cl\/index.php\/videos\/#breadcrumb","itemListElement":[{"@type":"ListItem","position":1,"name":"Portada","item":"https:\/\/pregoncriollo.cl\/"},{"@type":"ListItem","position":2,"name":"Videos"}]},{"@type":"WebSite","@id":"https:\/\/pregoncriollo.cl\/#website","url":"https:\/\/pregoncriollo.cl\/","name":"Grupo Folcl\u00f3rico Preg\u00f3n Criollo","description":"Sitio web oficial del Grupo Folcl\u00f3rico Preg\u00f3n Criollo","publisher":{"@id":"https:\/\/pregoncriollo.cl\/#organization"},"potentialAction":[{"@type":"SearchAction","target":{"@type":"EntryPoint","urlTemplate":"https:\/\/pregoncriollo.cl\/?s={search_term_string}"},"query-input":{"@type":"PropertyValueSpecification","valueRequired":true,"valueName":"search_term_string"}}],"inLanguage":"es-CL"},{"@type":"Organization","@id":"https:\/\/pregoncriollo.cl\/#organization","name":"Grupo Folcl\u00f3rico Preg\u00f3n Criollo","url":"https:\/\/pregoncriollo.cl\/","logo":{"@type":"ImageObject","inLanguage":"es-CL","@id":"https:\/\/pregoncriollo.cl\/#\/schema\/logo\/image\/","url":"https:\/\/pregoncriollo.cl\/wp-content\/uploads\/2025\/10\/logo-pregon-webp.webp","contentUrl":"https:\/\/pregoncriollo.cl\/wp-content\/uploads\/2025\/10\/logo-pregon-webp.webp","width":336,"height":120,"caption":"Grupo Folcl\u00f3rico Preg\u00f3n Criollo"},"image":{"@id":"https:\/\/pregoncriollo.cl\/#\/schema\/logo\/image\/"},"sameAs":["https:\/\/www.facebook.com\/PregonCriolloChile\/","https:\/\/www.youtube.com\/channel\/UCv3UXkirClyHXugJfcCfDgg","https:\/\/www.instagram.com\/pregoncriollo\/"]}]}},"_links":{"self":[{"href":"https:\/\/pregoncriollo.cl\/index.php\/wp-json\/wp\/v2\/pages\/61","targetHints":{"allow":["GET"]}}],"collection":[{"href":"https:\/\/pregoncriollo.cl\/index.php\/wp-json\/wp\/v2\/pages"}],"about":[{"href":"https:\/\/pregoncriollo.cl\/index.php\/wp-json\/wp\/v2\/types\/page"}],"author":[{"embeddable":true,"href":"https:\/\/pregoncriollo.cl\/index.php\/wp-json\/wp\/v2\/users\/1"}],"replies":[{"embeddable":true,"href":"https:\/\/pregoncriollo.cl\/index.php\/wp-json\/wp\/v2\/comments?post=61"}],"version-history":[{"count":10,"href":"https:\/\/pregoncriollo.cl\/index.php\/wp-json\/wp\/v2\/pages\/61\/revisions"}],"predecessor-version":[{"id":957,"href":"https:\/\/pregoncriollo.cl\/index.php\/wp-json\/wp\/v2\/pages\/61\/revisions\/957"}],"wp:attachment":[{"href":"https:\/\/pregoncriollo.cl\/index.php\/wp-json\/wp\/v2\/media?parent=61"}],"curies":[{"name":"wp","href":"https:\/\/api.w.org\/{rel}","templated":true}]}}