{"id":57,"date":"2025-10-01T14:00:16","date_gmt":"2025-10-01T17:00:16","guid":{"rendered":"https:\/\/pregoncriollo.cl\/?page_id=57"},"modified":"2025-10-21T21:50:19","modified_gmt":"2025-10-22T00:50:19","slug":"presentaciones","status":"publish","type":"page","link":"https:\/\/pregoncriollo.cl\/index.php\/presentaciones\/","title":{"rendered":"Presentaciones"},"content":{"rendered":"\n<div class=\"wp-block-columns is-layout-flex wp-container-core-columns-is-layout-9d6595d7 wp-block-columns-is-layout-flex\">\n<div class=\"wp-block-column is-layout-flow wp-block-column-is-layout-flow\">\n<p>Son muchas las presentaciones que cada a\u00f1o son solicitadas para diversos escenarios importantes de Chille y el Mundo, dentro de las cuales se destacan:<\/p>\n\n\n\n<p>GIRAS INTERNACIONALES<br>&#8211; Festival Internacional de Folklore de Summerfest de Hungr\u00eda, Europa.<br>&#8211; Festival Internacional de Interetno en Serbia, Europa.<br>&#8211; Festival Internacional de Folklore en Santa Fe, Argentina.<br>&#8211; Festival Internacional Passo Fundo en Brasil.<\/p>\n\n\n\n<p>GIRAS NACIONALES<br>&#8211; El Festival de la Trilla en Pelluhue, VII Regi\u00f3n del Maule.<br>&#8211; Semana de la Chilenidad en Plaza de Abasto en la Florida, Santiago.<br>&#8211; Feria Costumbrista en la Comuna de Lo Prado y Puente Alto, Santiago.<br>&#8211; Semana de la Chilenidad en Parque In\u00e9s de Suarez, Providencia \u2013 Santiago.<br>&#8211; Obertura Art\u00edstica en los 25 a\u00f1os de Cuecas Mil, San Bernardo \u2013 Santiago.<br>&#8211; II Festival de folklore en Puerto Montt, Regi\u00f3n de Los Lagos.<br>&#8211; Encuentro Folcl\u00f3rico Los Granerinos en Navidad, Regi\u00f3n del Libertador General Bernardo O&#8217;Higgins.<br>&#8211; Primera Muestra Nacional CIOFF Chile, en Castro, Chilo\u00e9.<\/p>\n<\/div>\n\n\n\n<div class=\"wp-block-column is-layout-flow wp-block-column-is-layout-flow\">\n<div class=\"alignnormal\"><div id=\"metaslider-id-208\" style=\"width: 100%; margin: 0 auto;\" class=\"ml-slider-3-106-0 metaslider metaslider-flex metaslider-208 ml-slider decoracion_imagen has-onhover-arrows has-dots-onhover-navigation ms-theme-default\" role=\"region\" aria-label=\"c_Presentaciones\" data-height=\"400\" data-width=\"800\">\n    <div id=\"metaslider_container_208\">\n        <div id=\"metaslider_208\">\n            <ul aria-live='off' class='slides'>\n                <li style=\"display: block; width: 100%;\" class=\"slide-927 ms-image \" aria-roledescription=\"slide\" data-date=\"2025-10-19 22:19:41\" data-filename=\"c_portada2_webp-800x400.webp\" data-slide-type=\"image\"><img loading=\"lazy\" decoding=\"async\" src=\"https:\/\/pregoncriollo.cl\/wp-content\/uploads\/2025\/10\/c_portada2_webp-800x400.webp\" height=\"400\" width=\"800\" alt=\"\" class=\"slider-208 slide-927 msDefaultImage\" title=\"c_portada2_webp\" \/><\/li>\n                <li style=\"display: none; width: 100%;\" class=\"slide-928 ms-image \" aria-roledescription=\"slide\" data-date=\"2025-10-19 22:19:41\" data-filename=\"c_portada5_webp-800x400.webp\" data-slide-type=\"image\"><img loading=\"lazy\" decoding=\"async\" src=\"https:\/\/pregoncriollo.cl\/wp-content\/uploads\/2025\/10\/c_portada5_webp-800x400.webp\" height=\"400\" width=\"800\" alt=\"\" class=\"slider-208 slide-928 msDefaultImage\" title=\"c_portada5_webp\" \/><\/li>\n                <li style=\"display: none; width: 100%;\" class=\"slide-929 ms-image \" aria-roledescription=\"slide\" data-date=\"2025-10-19 22:19:41\" data-filename=\"c_portada6_webp-800x400.webp\" data-slide-type=\"image\"><img loading=\"lazy\" decoding=\"async\" src=\"https:\/\/pregoncriollo.cl\/wp-content\/uploads\/2025\/10\/c_portada6_webp-800x400.webp\" height=\"400\" width=\"800\" alt=\"\" class=\"slider-208 slide-929 msDefaultImage\" title=\"c_portada6_webp\" \/><\/li>\n                <li style=\"display: none; width: 100%;\" class=\"slide-930 ms-image \" aria-roledescription=\"slide\" data-date=\"2025-10-19 22:19:41\" data-filename=\"c_portada8_webp-800x400.webp\" data-slide-type=\"image\"><img loading=\"lazy\" decoding=\"async\" src=\"https:\/\/pregoncriollo.cl\/wp-content\/uploads\/2025\/10\/c_portada8_webp-800x400.webp\" height=\"400\" width=\"800\" alt=\"\" class=\"slider-208 slide-930 msDefaultImage\" title=\"c_portada8_webp\" \/><\/li>\n                <li style=\"display: none; width: 100%;\" class=\"slide-931 ms-image \" aria-roledescription=\"slide\" data-date=\"2025-10-19 22:19:41\" data-filename=\"c_Argentina1_webp-800x400.webp\" data-slide-type=\"image\"><img loading=\"lazy\" decoding=\"async\" src=\"https:\/\/pregoncriollo.cl\/wp-content\/uploads\/2025\/10\/c_Argentina1_webp-800x400.webp\" height=\"400\" width=\"800\" alt=\"Festival folcl\u00f3rico Argentina\" class=\"slider-208 slide-931 msDefaultImage\" title=\"c_Argentina1_webp\" \/><\/li>\n                <li style=\"display: none; width: 100%;\" class=\"slide-932 ms-image \" aria-roledescription=\"slide\" data-date=\"2025-10-19 22:19:41\" data-filename=\"c_Argentina2_webp-800x400.webp\" data-slide-type=\"image\"><img loading=\"lazy\" decoding=\"async\" src=\"https:\/\/pregoncriollo.cl\/wp-content\/uploads\/2025\/10\/c_Argentina2_webp-800x400.webp\" height=\"400\" width=\"800\" alt=\"Festival folcl\u00f3rico Argentina\" class=\"slider-208 slide-932 msDefaultImage\" title=\"c_Argentina2_webp\" \/><\/li>\n                <li style=\"display: none; width: 100%;\" class=\"slide-933 ms-image \" aria-roledescription=\"slide\" data-date=\"2025-10-19 22:19:41\" data-filename=\"c_Hungria1_webp-800x400.webp\" data-slide-type=\"image\"><img loading=\"lazy\" decoding=\"async\" src=\"https:\/\/pregoncriollo.cl\/wp-content\/uploads\/2025\/10\/c_Hungria1_webp-800x400.webp\" height=\"400\" width=\"800\" alt=\"Festival folcl\u00f3rico Hungr\u00eda\" class=\"slider-208 slide-933 msDefaultImage\" title=\"c_Hungria1_webp\" \/><\/li>\n                <li style=\"display: none; width: 100%;\" class=\"slide-934 ms-image \" aria-roledescription=\"slide\" data-date=\"2025-10-19 22:19:41\" data-filename=\"c_Argentina5_webp-800x400.webp\" data-slide-type=\"image\"><img loading=\"lazy\" decoding=\"async\" src=\"https:\/\/pregoncriollo.cl\/wp-content\/uploads\/2025\/10\/c_Argentina5_webp-800x400.webp\" height=\"400\" width=\"800\" alt=\"Festival folcl\u00f3rico Argentina\" class=\"slider-208 slide-934 msDefaultImage\" title=\"c_Argentina5_webp\" \/><\/li>\n                <li style=\"display: none; width: 100%;\" class=\"slide-935 ms-image \" aria-roledescription=\"slide\" data-date=\"2025-10-19 22:19:41\" data-filename=\"c_Argentina3_webp-800x400.webp\" data-slide-type=\"image\"><img loading=\"lazy\" decoding=\"async\" src=\"https:\/\/pregoncriollo.cl\/wp-content\/uploads\/2025\/10\/c_Argentina3_webp-800x400.webp\" height=\"400\" width=\"800\" alt=\"Festival folcl\u00f3rico Argentina\" class=\"slider-208 slide-935 msDefaultImage\" title=\"c_Argentina3_webp\" \/><\/li>\n            <\/ul>\n        <\/div>\n        \n    <\/div>\n<\/div><\/div>\n<\/div>\n<\/div>\n\n\n\n<div style=\"height:40px\" aria-hidden=\"true\" class=\"wp-block-spacer\"><\/div>\n\n\n\n<div class=\"wp-block-buttons is-layout-flex wp-block-buttons-is-layout-flex\">\n<div class=\"wp-block-button is-style-fill\"><a class=\"wp-block-button__link wp-element-button\" href=\"https:\/\/pregoncriollo.cl\/\">Portada<\/a><\/div>\n\n\n\n<div class=\"wp-block-button is-style-fill\"><a class=\"wp-block-button__link wp-element-button\" href=\"https:\/\/pregoncriollo.cl\/index.php\/galeria\/\">Volver a Galer\u00eda<\/a><\/div>\n<\/div>\n","protected":false},"excerpt":{"rendered":"<p>Son muchas las presentaciones que cada a\u00f1o son solicitadas para diversos escenarios importantes de Chille y el Mundo, dentro de las cuales se destacan: GIRAS INTERNACIONALES&#8211; Festival Internacional de Folklore de Summerfest de Hungr\u00eda, Europa.&#8211; Festival Internacional de Interetno en Serbia, Europa.&#8211; Festival Internacional de Folklore en Santa Fe, Argentina.&#8211; Festival Internacional Passo Fundo en &#8230; <a title=\"Presentaciones\" class=\"read-more\" href=\"https:\/\/pregoncriollo.cl\/index.php\/presentaciones\/\" aria-label=\"Leer m\u00e1s sobre Presentaciones\">Leer m\u00e1s<\/a><\/p>\n","protected":false},"author":1,"featured_media":0,"parent":0,"menu_order":13,"comment_status":"closed","ping_status":"closed","template":"","meta":{"footnotes":""},"class_list":["post-57","page","type-page","status-publish"],"yoast_head":"<!-- This site is optimized with the Yoast SEO plugin v27.2 - https:\/\/yoast.com\/product\/yoast-seo-wordpress\/ -->\n<title>Presentaciones - Grupo Folcl\u00f3rico Preg\u00f3n Criollo<\/title>\n<meta name=\"robots\" content=\"index, follow, max-snippet:-1, max-image-preview:large, max-video-preview:-1\" \/>\n<link rel=\"canonical\" href=\"https:\/\/pregoncriollo.cl\/index.php\/presentaciones\/\" \/>\n<meta property=\"og:locale\" content=\"es_ES\" \/>\n<meta property=\"og:type\" content=\"article\" \/>\n<meta property=\"og:title\" content=\"Presentaciones - Grupo Folcl\u00f3rico Preg\u00f3n Criollo\" \/>\n<meta property=\"og:description\" content=\"Son muchas las presentaciones que cada a\u00f1o son solicitadas para diversos escenarios importantes de Chille y el Mundo, dentro de las cuales se destacan: GIRAS INTERNACIONALES&#8211; Festival Internacional de Folklore de Summerfest de Hungr\u00eda, Europa.&#8211; Festival Internacional de Interetno en Serbia, Europa.&#8211; Festival Internacional de Folklore en Santa Fe, Argentina.&#8211; Festival Internacional Passo Fundo en ... Leer m\u00e1s\" \/>\n<meta property=\"og:url\" content=\"https:\/\/pregoncriollo.cl\/index.php\/presentaciones\/\" \/>\n<meta property=\"og:site_name\" content=\"Grupo Folcl\u00f3rico Preg\u00f3n Criollo\" \/>\n<meta property=\"article:publisher\" content=\"https:\/\/www.facebook.com\/PregonCriolloChile\/\" \/>\n<meta property=\"article:modified_time\" content=\"2025-10-22T00:50:19+00:00\" \/>\n<meta name=\"twitter:card\" content=\"summary_large_image\" \/>\n<meta name=\"twitter:label1\" content=\"Tiempo estimado de lectura\" \/>\n\t<meta name=\"twitter:data1\" content=\"1 minuto\" \/>\n<script type=\"application\/ld+json\" class=\"yoast-schema-graph\">{\"@context\":\"https:\/\/schema.org\",\"@graph\":[{\"@type\":\"WebPage\",\"@id\":\"https:\/\/pregoncriollo.cl\/index.php\/presentaciones\/\",\"url\":\"https:\/\/pregoncriollo.cl\/index.php\/presentaciones\/\",\"name\":\"Presentaciones - Grupo Folcl\u00f3rico Preg\u00f3n Criollo\",\"isPartOf\":{\"@id\":\"https:\/\/pregoncriollo.cl\/#website\"},\"datePublished\":\"2025-10-01T17:00:16+00:00\",\"dateModified\":\"2025-10-22T00:50:19+00:00\",\"breadcrumb\":{\"@id\":\"https:\/\/pregoncriollo.cl\/index.php\/presentaciones\/#breadcrumb\"},\"inLanguage\":\"es-CL\",\"potentialAction\":[{\"@type\":\"ReadAction\",\"target\":[\"https:\/\/pregoncriollo.cl\/index.php\/presentaciones\/\"]}]},{\"@type\":\"BreadcrumbList\",\"@id\":\"https:\/\/pregoncriollo.cl\/index.php\/presentaciones\/#breadcrumb\",\"itemListElement\":[{\"@type\":\"ListItem\",\"position\":1,\"name\":\"Portada\",\"item\":\"https:\/\/pregoncriollo.cl\/\"},{\"@type\":\"ListItem\",\"position\":2,\"name\":\"Presentaciones\"}]},{\"@type\":\"WebSite\",\"@id\":\"https:\/\/pregoncriollo.cl\/#website\",\"url\":\"https:\/\/pregoncriollo.cl\/\",\"name\":\"Grupo Folcl\u00f3rico Preg\u00f3n Criollo\",\"description\":\"Sitio web oficial del Grupo Folcl\u00f3rico Preg\u00f3n Criollo\",\"publisher\":{\"@id\":\"https:\/\/pregoncriollo.cl\/#organization\"},\"potentialAction\":[{\"@type\":\"SearchAction\",\"target\":{\"@type\":\"EntryPoint\",\"urlTemplate\":\"https:\/\/pregoncriollo.cl\/?s={search_term_string}\"},\"query-input\":{\"@type\":\"PropertyValueSpecification\",\"valueRequired\":true,\"valueName\":\"search_term_string\"}}],\"inLanguage\":\"es-CL\"},{\"@type\":\"Organization\",\"@id\":\"https:\/\/pregoncriollo.cl\/#organization\",\"name\":\"Grupo Folcl\u00f3rico Preg\u00f3n Criollo\",\"url\":\"https:\/\/pregoncriollo.cl\/\",\"logo\":{\"@type\":\"ImageObject\",\"inLanguage\":\"es-CL\",\"@id\":\"https:\/\/pregoncriollo.cl\/#\/schema\/logo\/image\/\",\"url\":\"https:\/\/pregoncriollo.cl\/wp-content\/uploads\/2025\/10\/logo-pregon-webp.webp\",\"contentUrl\":\"https:\/\/pregoncriollo.cl\/wp-content\/uploads\/2025\/10\/logo-pregon-webp.webp\",\"width\":336,\"height\":120,\"caption\":\"Grupo Folcl\u00f3rico Preg\u00f3n Criollo\"},\"image\":{\"@id\":\"https:\/\/pregoncriollo.cl\/#\/schema\/logo\/image\/\"},\"sameAs\":[\"https:\/\/www.facebook.com\/PregonCriolloChile\/\",\"https:\/\/www.youtube.com\/channel\/UCv3UXkirClyHXugJfcCfDgg\",\"https:\/\/www.instagram.com\/pregoncriollo\/\"]}]}<\/script>\n<!-- \/ Yoast SEO plugin. -->","yoast_head_json":{"title":"Presentaciones - Grupo Folcl\u00f3rico Preg\u00f3n Criollo","robots":{"index":"index","follow":"follow","max-snippet":"max-snippet:-1","max-image-preview":"max-image-preview:large","max-video-preview":"max-video-preview:-1"},"canonical":"https:\/\/pregoncriollo.cl\/index.php\/presentaciones\/","og_locale":"es_ES","og_type":"article","og_title":"Presentaciones - Grupo Folcl\u00f3rico Preg\u00f3n Criollo","og_description":"Son muchas las presentaciones que cada a\u00f1o son solicitadas para diversos escenarios importantes de Chille y el Mundo, dentro de las cuales se destacan: GIRAS INTERNACIONALES&#8211; Festival Internacional de Folklore de Summerfest de Hungr\u00eda, Europa.&#8211; Festival Internacional de Interetno en Serbia, Europa.&#8211; Festival Internacional de Folklore en Santa Fe, Argentina.&#8211; Festival Internacional Passo Fundo en ... Leer m\u00e1s","og_url":"https:\/\/pregoncriollo.cl\/index.php\/presentaciones\/","og_site_name":"Grupo Folcl\u00f3rico Preg\u00f3n Criollo","article_publisher":"https:\/\/www.facebook.com\/PregonCriolloChile\/","article_modified_time":"2025-10-22T00:50:19+00:00","twitter_card":"summary_large_image","twitter_misc":{"Tiempo estimado de lectura":"1 minuto"},"schema":{"@context":"https:\/\/schema.org","@graph":[{"@type":"WebPage","@id":"https:\/\/pregoncriollo.cl\/index.php\/presentaciones\/","url":"https:\/\/pregoncriollo.cl\/index.php\/presentaciones\/","name":"Presentaciones - Grupo Folcl\u00f3rico Preg\u00f3n Criollo","isPartOf":{"@id":"https:\/\/pregoncriollo.cl\/#website"},"datePublished":"2025-10-01T17:00:16+00:00","dateModified":"2025-10-22T00:50:19+00:00","breadcrumb":{"@id":"https:\/\/pregoncriollo.cl\/index.php\/presentaciones\/#breadcrumb"},"inLanguage":"es-CL","potentialAction":[{"@type":"ReadAction","target":["https:\/\/pregoncriollo.cl\/index.php\/presentaciones\/"]}]},{"@type":"BreadcrumbList","@id":"https:\/\/pregoncriollo.cl\/index.php\/presentaciones\/#breadcrumb","itemListElement":[{"@type":"ListItem","position":1,"name":"Portada","item":"https:\/\/pregoncriollo.cl\/"},{"@type":"ListItem","position":2,"name":"Presentaciones"}]},{"@type":"WebSite","@id":"https:\/\/pregoncriollo.cl\/#website","url":"https:\/\/pregoncriollo.cl\/","name":"Grupo Folcl\u00f3rico Preg\u00f3n Criollo","description":"Sitio web oficial del Grupo Folcl\u00f3rico Preg\u00f3n Criollo","publisher":{"@id":"https:\/\/pregoncriollo.cl\/#organization"},"potentialAction":[{"@type":"SearchAction","target":{"@type":"EntryPoint","urlTemplate":"https:\/\/pregoncriollo.cl\/?s={search_term_string}"},"query-input":{"@type":"PropertyValueSpecification","valueRequired":true,"valueName":"search_term_string"}}],"inLanguage":"es-CL"},{"@type":"Organization","@id":"https:\/\/pregoncriollo.cl\/#organization","name":"Grupo Folcl\u00f3rico Preg\u00f3n Criollo","url":"https:\/\/pregoncriollo.cl\/","logo":{"@type":"ImageObject","inLanguage":"es-CL","@id":"https:\/\/pregoncriollo.cl\/#\/schema\/logo\/image\/","url":"https:\/\/pregoncriollo.cl\/wp-content\/uploads\/2025\/10\/logo-pregon-webp.webp","contentUrl":"https:\/\/pregoncriollo.cl\/wp-content\/uploads\/2025\/10\/logo-pregon-webp.webp","width":336,"height":120,"caption":"Grupo Folcl\u00f3rico Preg\u00f3n Criollo"},"image":{"@id":"https:\/\/pregoncriollo.cl\/#\/schema\/logo\/image\/"},"sameAs":["https:\/\/www.facebook.com\/PregonCriolloChile\/","https:\/\/www.youtube.com\/channel\/UCv3UXkirClyHXugJfcCfDgg","https:\/\/www.instagram.com\/pregoncriollo\/"]}]}},"_links":{"self":[{"href":"https:\/\/pregoncriollo.cl\/index.php\/wp-json\/wp\/v2\/pages\/57","targetHints":{"allow":["GET"]}}],"collection":[{"href":"https:\/\/pregoncriollo.cl\/index.php\/wp-json\/wp\/v2\/pages"}],"about":[{"href":"https:\/\/pregoncriollo.cl\/index.php\/wp-json\/wp\/v2\/types\/page"}],"author":[{"embeddable":true,"href":"https:\/\/pregoncriollo.cl\/index.php\/wp-json\/wp\/v2\/users\/1"}],"replies":[{"embeddable":true,"href":"https:\/\/pregoncriollo.cl\/index.php\/wp-json\/wp\/v2\/comments?post=57"}],"version-history":[{"count":14,"href":"https:\/\/pregoncriollo.cl\/index.php\/wp-json\/wp\/v2\/pages\/57\/revisions"}],"predecessor-version":[{"id":959,"href":"https:\/\/pregoncriollo.cl\/index.php\/wp-json\/wp\/v2\/pages\/57\/revisions\/959"}],"wp:attachment":[{"href":"https:\/\/pregoncriollo.cl\/index.php\/wp-json\/wp\/v2\/media?parent=57"}],"curies":[{"name":"wp","href":"https:\/\/api.w.org\/{rel}","templated":true}]}}