{"id":514,"date":"2025-10-19T00:55:49","date_gmt":"2025-10-19T03:55:49","guid":{"rendered":"https:\/\/pregoncriollo.cl\/?page_id=514"},"modified":"2025-10-19T01:06:16","modified_gmt":"2025-10-19T04:06:16","slug":"festivales-internacionales-de-folklore-summerfest-hungria-2017","status":"publish","type":"page","link":"https:\/\/pregoncriollo.cl\/index.php\/festivales-internacionales-de-folklore-summerfest-hungria-2017\/","title":{"rendered":"Festival Internacional de Folklore Summerfest Hungr\u00eda 2017"},"content":{"rendered":"\n<div class=\"wp-block-columns is-layout-flex wp-container-core-columns-is-layout-9d6595d7 wp-block-columns-is-layout-flex\">\n<div class=\"wp-block-column is-layout-flow wp-block-column-is-layout-flow\">\n<p class=\"justificar\">Tenemos el agrado de compartir con ustedes algunas im\u00e1genes de la linda experiencia vivida en la Gira realizada por Hungr\u00eda el mes de agosto de 2017.<br>Tuvimos el privilegio de representar a nuestro pa\u00eds en esa tierra lejanas con lo mejor de nuestro folclor.<\/p>\n<\/div>\n\n\n\n<div class=\"wp-block-column is-layout-flow wp-block-column-is-layout-flow\">\n<div class=\"alignnormal\"><div id=\"metaslider-id-300\" style=\"width: 100%; margin: 0 auto;\" class=\"ml-slider-3-106-0 metaslider metaslider-flex metaslider-300 ml-slider decoracion_imagen has-onhover-arrows has-dots-onhover-navigation ms-theme-default\" role=\"region\" aria-label=\"c_Hungria\" data-height=\"300\" data-width=\"700\">\n    <div id=\"metaslider_container_300\">\n        <div id=\"metaslider_300\">\n            <ul aria-live='off' class='slides'>\n                <li style=\"display: block; width: 100%;\" class=\"slide-493 ms-image \" aria-roledescription=\"slide\" data-date=\"2025-10-19 00:42:56\" data-filename=\"c_Hungria1_webp.webp\" data-slide-type=\"image\"><img loading=\"lazy\" decoding=\"async\" width=\"1600\" height=\"1041\" src=\"https:\/\/pregoncriollo.cl\/wp-content\/uploads\/2025\/10\/c_Hungria1_webp.webp\" class=\"slider-300 slide-493 msDefaultImage\" alt=\"Festival folcl\u00f3rico Hungr\u00eda\" rel=\"\" title=\"c_Hungria1_webp\" srcset=\"https:\/\/pregoncriollo.cl\/wp-content\/uploads\/2025\/10\/c_Hungria1_webp.webp 1600w, https:\/\/pregoncriollo.cl\/wp-content\/uploads\/2025\/10\/c_Hungria1_webp-300x195.webp 300w, https:\/\/pregoncriollo.cl\/wp-content\/uploads\/2025\/10\/c_Hungria1_webp-1024x666.webp 1024w, https:\/\/pregoncriollo.cl\/wp-content\/uploads\/2025\/10\/c_Hungria1_webp-768x500.webp 768w, https:\/\/pregoncriollo.cl\/wp-content\/uploads\/2025\/10\/c_Hungria1_webp-1536x999.webp 1536w\" sizes=\"auto, (max-width: 1600px) 100vw, 1600px\" \/><\/li>\n                <li style=\"display: none; width: 100%;\" class=\"slide-494 ms-image \" aria-roledescription=\"slide\" data-date=\"2025-10-19 00:42:56\" data-filename=\"c_Hungria6_webp.webp\" data-slide-type=\"image\"><img loading=\"lazy\" decoding=\"async\" width=\"1600\" height=\"1041\" src=\"https:\/\/pregoncriollo.cl\/wp-content\/uploads\/2025\/10\/c_Hungria6_webp.webp\" class=\"slider-300 slide-494 msDefaultImage\" alt=\"Festival folcl\u00f3rico Hungr\u00eda\" rel=\"\" title=\"c_Hungria6_webp\" srcset=\"https:\/\/pregoncriollo.cl\/wp-content\/uploads\/2025\/10\/c_Hungria6_webp.webp 1600w, https:\/\/pregoncriollo.cl\/wp-content\/uploads\/2025\/10\/c_Hungria6_webp-300x195.webp 300w, https:\/\/pregoncriollo.cl\/wp-content\/uploads\/2025\/10\/c_Hungria6_webp-1024x666.webp 1024w, https:\/\/pregoncriollo.cl\/wp-content\/uploads\/2025\/10\/c_Hungria6_webp-768x500.webp 768w, https:\/\/pregoncriollo.cl\/wp-content\/uploads\/2025\/10\/c_Hungria6_webp-1536x999.webp 1536w\" sizes=\"auto, (max-width: 1600px) 100vw, 1600px\" \/><\/li>\n                <li style=\"display: none; width: 100%;\" class=\"slide-495 ms-image \" aria-roledescription=\"slide\" data-date=\"2025-10-19 00:42:56\" data-filename=\"c_Hungria5_webp.webp\" data-slide-type=\"image\"><img loading=\"lazy\" decoding=\"async\" width=\"1600\" height=\"1041\" src=\"https:\/\/pregoncriollo.cl\/wp-content\/uploads\/2025\/10\/c_Hungria5_webp.webp\" class=\"slider-300 slide-495 msDefaultImage\" alt=\"Festival folcl\u00f3rico Hungr\u00eda\" rel=\"\" title=\"c_Hungria5_webp\" srcset=\"https:\/\/pregoncriollo.cl\/wp-content\/uploads\/2025\/10\/c_Hungria5_webp.webp 1600w, https:\/\/pregoncriollo.cl\/wp-content\/uploads\/2025\/10\/c_Hungria5_webp-300x195.webp 300w, https:\/\/pregoncriollo.cl\/wp-content\/uploads\/2025\/10\/c_Hungria5_webp-1024x666.webp 1024w, https:\/\/pregoncriollo.cl\/wp-content\/uploads\/2025\/10\/c_Hungria5_webp-768x500.webp 768w, https:\/\/pregoncriollo.cl\/wp-content\/uploads\/2025\/10\/c_Hungria5_webp-1536x999.webp 1536w\" sizes=\"auto, (max-width: 1600px) 100vw, 1600px\" \/><\/li>\n                <li style=\"display: none; width: 100%;\" class=\"slide-496 ms-image \" aria-roledescription=\"slide\" data-date=\"2025-10-19 00:42:56\" data-filename=\"c_Hungria4_webp.webp\" data-slide-type=\"image\"><img loading=\"lazy\" decoding=\"async\" width=\"1600\" height=\"1041\" src=\"https:\/\/pregoncriollo.cl\/wp-content\/uploads\/2025\/10\/c_Hungria4_webp.webp\" class=\"slider-300 slide-496 msDefaultImage\" alt=\"Festival folcl\u00f3rico Hungr\u00eda\" rel=\"\" title=\"c_Hungria4_webp\" srcset=\"https:\/\/pregoncriollo.cl\/wp-content\/uploads\/2025\/10\/c_Hungria4_webp.webp 1600w, https:\/\/pregoncriollo.cl\/wp-content\/uploads\/2025\/10\/c_Hungria4_webp-300x195.webp 300w, https:\/\/pregoncriollo.cl\/wp-content\/uploads\/2025\/10\/c_Hungria4_webp-1024x666.webp 1024w, https:\/\/pregoncriollo.cl\/wp-content\/uploads\/2025\/10\/c_Hungria4_webp-768x500.webp 768w, https:\/\/pregoncriollo.cl\/wp-content\/uploads\/2025\/10\/c_Hungria4_webp-1536x999.webp 1536w\" sizes=\"auto, (max-width: 1600px) 100vw, 1600px\" \/><\/li>\n                <li style=\"display: none; width: 100%;\" class=\"slide-497 ms-image \" aria-roledescription=\"slide\" data-date=\"2025-10-19 00:42:56\" data-filename=\"c_Hungria3_webp.webp\" data-slide-type=\"image\"><img loading=\"lazy\" decoding=\"async\" width=\"1600\" height=\"1041\" src=\"https:\/\/pregoncriollo.cl\/wp-content\/uploads\/2025\/10\/c_Hungria3_webp.webp\" class=\"slider-300 slide-497 msDefaultImage\" alt=\"Festival folcl\u00f3rico Hungr\u00eda\" rel=\"\" title=\"c_Hungria3_webp\" srcset=\"https:\/\/pregoncriollo.cl\/wp-content\/uploads\/2025\/10\/c_Hungria3_webp.webp 1600w, https:\/\/pregoncriollo.cl\/wp-content\/uploads\/2025\/10\/c_Hungria3_webp-300x195.webp 300w, https:\/\/pregoncriollo.cl\/wp-content\/uploads\/2025\/10\/c_Hungria3_webp-1024x666.webp 1024w, https:\/\/pregoncriollo.cl\/wp-content\/uploads\/2025\/10\/c_Hungria3_webp-768x500.webp 768w, https:\/\/pregoncriollo.cl\/wp-content\/uploads\/2025\/10\/c_Hungria3_webp-1536x999.webp 1536w\" sizes=\"auto, (max-width: 1600px) 100vw, 1600px\" \/><\/li>\n                <li style=\"display: none; width: 100%;\" class=\"slide-498 ms-image \" aria-roledescription=\"slide\" data-date=\"2025-10-19 00:42:56\" data-filename=\"c_Hungria2_webp.webp\" data-slide-type=\"image\"><img loading=\"lazy\" decoding=\"async\" width=\"1600\" height=\"1041\" src=\"https:\/\/pregoncriollo.cl\/wp-content\/uploads\/2025\/10\/c_Hungria2_webp.webp\" class=\"slider-300 slide-498 msDefaultImage\" alt=\"Festival folcl\u00f3rico Hungr\u00eda\" rel=\"\" title=\"c_Hungria2_webp\" srcset=\"https:\/\/pregoncriollo.cl\/wp-content\/uploads\/2025\/10\/c_Hungria2_webp.webp 1600w, https:\/\/pregoncriollo.cl\/wp-content\/uploads\/2025\/10\/c_Hungria2_webp-300x195.webp 300w, https:\/\/pregoncriollo.cl\/wp-content\/uploads\/2025\/10\/c_Hungria2_webp-1024x666.webp 1024w, https:\/\/pregoncriollo.cl\/wp-content\/uploads\/2025\/10\/c_Hungria2_webp-768x500.webp 768w, https:\/\/pregoncriollo.cl\/wp-content\/uploads\/2025\/10\/c_Hungria2_webp-1536x999.webp 1536w\" sizes=\"auto, (max-width: 1600px) 100vw, 1600px\" \/><\/li>\n            <\/ul>\n        <\/div>\n        \n    <\/div>\n<\/div><\/div>\n<\/div>\n<\/div>\n\n\n\n<div class=\"wp-block-buttons is-layout-flex wp-block-buttons-is-layout-flex\">\n<div class=\"wp-block-button is-style-fill\"><a class=\"wp-block-button__link wp-element-button\" href=\"https:\/\/pregoncriollo.cl\/\">Portada<\/a><\/div>\n\n\n\n<div class=\"wp-block-button is-style-fill\"><a class=\"wp-block-button__link wp-element-button\" href=\"https:\/\/pregoncriollo.cl\/index.php\/noticias\/\">Volver a Noticias<\/a><\/div>\n<\/div>\n\n\n\n<p><\/p>\n","protected":false},"excerpt":{"rendered":"<p>Tenemos el agrado de compartir con ustedes algunas im\u00e1genes de la linda experiencia vivida en la Gira realizada por Hungr\u00eda el mes de agosto de 2017.Tuvimos el privilegio de representar a nuestro pa\u00eds en esa tierra lejanas con lo mejor de nuestro folclor.<\/p>\n","protected":false},"author":1,"featured_media":0,"parent":0,"menu_order":18,"comment_status":"closed","ping_status":"closed","template":"","meta":{"footnotes":""},"class_list":["post-514","page","type-page","status-publish"],"yoast_head":"<!-- This site is optimized with the Yoast SEO plugin v27.2 - https:\/\/yoast.com\/product\/yoast-seo-wordpress\/ -->\n<title>Festival Internacional de Folklore Summerfest Hungr\u00eda 2017 - Grupo Folcl\u00f3rico Preg\u00f3n Criollo<\/title>\n<meta name=\"robots\" content=\"index, follow, max-snippet:-1, max-image-preview:large, max-video-preview:-1\" \/>\n<link rel=\"canonical\" href=\"https:\/\/pregoncriollo.cl\/index.php\/festivales-internacionales-de-folklore-summerfest-hungria-2017\/\" \/>\n<meta property=\"og:locale\" content=\"es_ES\" \/>\n<meta property=\"og:type\" content=\"article\" \/>\n<meta property=\"og:title\" content=\"Festival Internacional de Folklore Summerfest Hungr\u00eda 2017 - Grupo Folcl\u00f3rico Preg\u00f3n Criollo\" \/>\n<meta property=\"og:description\" content=\"Tenemos el agrado de compartir con ustedes algunas im\u00e1genes de la linda experiencia vivida en la Gira realizada por Hungr\u00eda el mes de agosto de 2017.Tuvimos el privilegio de representar a nuestro pa\u00eds en esa tierra lejanas con lo mejor de nuestro folclor.\" \/>\n<meta property=\"og:url\" content=\"https:\/\/pregoncriollo.cl\/index.php\/festivales-internacionales-de-folklore-summerfest-hungria-2017\/\" \/>\n<meta property=\"og:site_name\" content=\"Grupo Folcl\u00f3rico Preg\u00f3n Criollo\" \/>\n<meta property=\"article:publisher\" content=\"https:\/\/www.facebook.com\/PregonCriolloChile\/\" \/>\n<meta property=\"article:modified_time\" content=\"2025-10-19T04:06:16+00:00\" \/>\n<meta name=\"twitter:card\" content=\"summary_large_image\" \/>\n<meta name=\"twitter:label1\" content=\"Tiempo estimado de lectura\" \/>\n\t<meta name=\"twitter:data1\" content=\"1 minuto\" \/>\n<script type=\"application\/ld+json\" class=\"yoast-schema-graph\">{\"@context\":\"https:\/\/schema.org\",\"@graph\":[{\"@type\":\"WebPage\",\"@id\":\"https:\/\/pregoncriollo.cl\/index.php\/festivales-internacionales-de-folklore-summerfest-hungria-2017\/\",\"url\":\"https:\/\/pregoncriollo.cl\/index.php\/festivales-internacionales-de-folklore-summerfest-hungria-2017\/\",\"name\":\"Festival Internacional de Folklore Summerfest Hungr\u00eda 2017 - Grupo Folcl\u00f3rico Preg\u00f3n Criollo\",\"isPartOf\":{\"@id\":\"https:\/\/pregoncriollo.cl\/#website\"},\"datePublished\":\"2025-10-19T03:55:49+00:00\",\"dateModified\":\"2025-10-19T04:06:16+00:00\",\"breadcrumb\":{\"@id\":\"https:\/\/pregoncriollo.cl\/index.php\/festivales-internacionales-de-folklore-summerfest-hungria-2017\/#breadcrumb\"},\"inLanguage\":\"es-CL\",\"potentialAction\":[{\"@type\":\"ReadAction\",\"target\":[\"https:\/\/pregoncriollo.cl\/index.php\/festivales-internacionales-de-folklore-summerfest-hungria-2017\/\"]}]},{\"@type\":\"BreadcrumbList\",\"@id\":\"https:\/\/pregoncriollo.cl\/index.php\/festivales-internacionales-de-folklore-summerfest-hungria-2017\/#breadcrumb\",\"itemListElement\":[{\"@type\":\"ListItem\",\"position\":1,\"name\":\"Portada\",\"item\":\"https:\/\/pregoncriollo.cl\/\"},{\"@type\":\"ListItem\",\"position\":2,\"name\":\"Festival Internacional de Folklore Summerfest Hungr\u00eda 2017\"}]},{\"@type\":\"WebSite\",\"@id\":\"https:\/\/pregoncriollo.cl\/#website\",\"url\":\"https:\/\/pregoncriollo.cl\/\",\"name\":\"Grupo Folcl\u00f3rico Preg\u00f3n Criollo\",\"description\":\"Sitio web oficial del Grupo Folcl\u00f3rico Preg\u00f3n Criollo\",\"publisher\":{\"@id\":\"https:\/\/pregoncriollo.cl\/#organization\"},\"potentialAction\":[{\"@type\":\"SearchAction\",\"target\":{\"@type\":\"EntryPoint\",\"urlTemplate\":\"https:\/\/pregoncriollo.cl\/?s={search_term_string}\"},\"query-input\":{\"@type\":\"PropertyValueSpecification\",\"valueRequired\":true,\"valueName\":\"search_term_string\"}}],\"inLanguage\":\"es-CL\"},{\"@type\":\"Organization\",\"@id\":\"https:\/\/pregoncriollo.cl\/#organization\",\"name\":\"Grupo Folcl\u00f3rico Preg\u00f3n Criollo\",\"url\":\"https:\/\/pregoncriollo.cl\/\",\"logo\":{\"@type\":\"ImageObject\",\"inLanguage\":\"es-CL\",\"@id\":\"https:\/\/pregoncriollo.cl\/#\/schema\/logo\/image\/\",\"url\":\"https:\/\/pregoncriollo.cl\/wp-content\/uploads\/2025\/10\/logo-pregon-webp.webp\",\"contentUrl\":\"https:\/\/pregoncriollo.cl\/wp-content\/uploads\/2025\/10\/logo-pregon-webp.webp\",\"width\":336,\"height\":120,\"caption\":\"Grupo Folcl\u00f3rico Preg\u00f3n Criollo\"},\"image\":{\"@id\":\"https:\/\/pregoncriollo.cl\/#\/schema\/logo\/image\/\"},\"sameAs\":[\"https:\/\/www.facebook.com\/PregonCriolloChile\/\",\"https:\/\/www.youtube.com\/channel\/UCv3UXkirClyHXugJfcCfDgg\",\"https:\/\/www.instagram.com\/pregoncriollo\/\"]}]}<\/script>\n<!-- \/ Yoast SEO plugin. -->","yoast_head_json":{"title":"Festival Internacional de Folklore Summerfest Hungr\u00eda 2017 - Grupo Folcl\u00f3rico Preg\u00f3n Criollo","robots":{"index":"index","follow":"follow","max-snippet":"max-snippet:-1","max-image-preview":"max-image-preview:large","max-video-preview":"max-video-preview:-1"},"canonical":"https:\/\/pregoncriollo.cl\/index.php\/festivales-internacionales-de-folklore-summerfest-hungria-2017\/","og_locale":"es_ES","og_type":"article","og_title":"Festival Internacional de Folklore Summerfest Hungr\u00eda 2017 - Grupo Folcl\u00f3rico Preg\u00f3n Criollo","og_description":"Tenemos el agrado de compartir con ustedes algunas im\u00e1genes de la linda experiencia vivida en la Gira realizada por Hungr\u00eda el mes de agosto de 2017.Tuvimos el privilegio de representar a nuestro pa\u00eds en esa tierra lejanas con lo mejor de nuestro folclor.","og_url":"https:\/\/pregoncriollo.cl\/index.php\/festivales-internacionales-de-folklore-summerfest-hungria-2017\/","og_site_name":"Grupo Folcl\u00f3rico Preg\u00f3n Criollo","article_publisher":"https:\/\/www.facebook.com\/PregonCriolloChile\/","article_modified_time":"2025-10-19T04:06:16+00:00","twitter_card":"summary_large_image","twitter_misc":{"Tiempo estimado de lectura":"1 minuto"},"schema":{"@context":"https:\/\/schema.org","@graph":[{"@type":"WebPage","@id":"https:\/\/pregoncriollo.cl\/index.php\/festivales-internacionales-de-folklore-summerfest-hungria-2017\/","url":"https:\/\/pregoncriollo.cl\/index.php\/festivales-internacionales-de-folklore-summerfest-hungria-2017\/","name":"Festival Internacional de Folklore Summerfest Hungr\u00eda 2017 - Grupo Folcl\u00f3rico Preg\u00f3n Criollo","isPartOf":{"@id":"https:\/\/pregoncriollo.cl\/#website"},"datePublished":"2025-10-19T03:55:49+00:00","dateModified":"2025-10-19T04:06:16+00:00","breadcrumb":{"@id":"https:\/\/pregoncriollo.cl\/index.php\/festivales-internacionales-de-folklore-summerfest-hungria-2017\/#breadcrumb"},"inLanguage":"es-CL","potentialAction":[{"@type":"ReadAction","target":["https:\/\/pregoncriollo.cl\/index.php\/festivales-internacionales-de-folklore-summerfest-hungria-2017\/"]}]},{"@type":"BreadcrumbList","@id":"https:\/\/pregoncriollo.cl\/index.php\/festivales-internacionales-de-folklore-summerfest-hungria-2017\/#breadcrumb","itemListElement":[{"@type":"ListItem","position":1,"name":"Portada","item":"https:\/\/pregoncriollo.cl\/"},{"@type":"ListItem","position":2,"name":"Festival Internacional de Folklore Summerfest Hungr\u00eda 2017"}]},{"@type":"WebSite","@id":"https:\/\/pregoncriollo.cl\/#website","url":"https:\/\/pregoncriollo.cl\/","name":"Grupo Folcl\u00f3rico Preg\u00f3n Criollo","description":"Sitio web oficial del Grupo Folcl\u00f3rico Preg\u00f3n Criollo","publisher":{"@id":"https:\/\/pregoncriollo.cl\/#organization"},"potentialAction":[{"@type":"SearchAction","target":{"@type":"EntryPoint","urlTemplate":"https:\/\/pregoncriollo.cl\/?s={search_term_string}"},"query-input":{"@type":"PropertyValueSpecification","valueRequired":true,"valueName":"search_term_string"}}],"inLanguage":"es-CL"},{"@type":"Organization","@id":"https:\/\/pregoncriollo.cl\/#organization","name":"Grupo Folcl\u00f3rico Preg\u00f3n Criollo","url":"https:\/\/pregoncriollo.cl\/","logo":{"@type":"ImageObject","inLanguage":"es-CL","@id":"https:\/\/pregoncriollo.cl\/#\/schema\/logo\/image\/","url":"https:\/\/pregoncriollo.cl\/wp-content\/uploads\/2025\/10\/logo-pregon-webp.webp","contentUrl":"https:\/\/pregoncriollo.cl\/wp-content\/uploads\/2025\/10\/logo-pregon-webp.webp","width":336,"height":120,"caption":"Grupo Folcl\u00f3rico Preg\u00f3n Criollo"},"image":{"@id":"https:\/\/pregoncriollo.cl\/#\/schema\/logo\/image\/"},"sameAs":["https:\/\/www.facebook.com\/PregonCriolloChile\/","https:\/\/www.youtube.com\/channel\/UCv3UXkirClyHXugJfcCfDgg","https:\/\/www.instagram.com\/pregoncriollo\/"]}]}},"_links":{"self":[{"href":"https:\/\/pregoncriollo.cl\/index.php\/wp-json\/wp\/v2\/pages\/514","targetHints":{"allow":["GET"]}}],"collection":[{"href":"https:\/\/pregoncriollo.cl\/index.php\/wp-json\/wp\/v2\/pages"}],"about":[{"href":"https:\/\/pregoncriollo.cl\/index.php\/wp-json\/wp\/v2\/types\/page"}],"author":[{"embeddable":true,"href":"https:\/\/pregoncriollo.cl\/index.php\/wp-json\/wp\/v2\/users\/1"}],"replies":[{"embeddable":true,"href":"https:\/\/pregoncriollo.cl\/index.php\/wp-json\/wp\/v2\/comments?post=514"}],"version-history":[{"count":5,"href":"https:\/\/pregoncriollo.cl\/index.php\/wp-json\/wp\/v2\/pages\/514\/revisions"}],"predecessor-version":[{"id":529,"href":"https:\/\/pregoncriollo.cl\/index.php\/wp-json\/wp\/v2\/pages\/514\/revisions\/529"}],"wp:attachment":[{"href":"https:\/\/pregoncriollo.cl\/index.php\/wp-json\/wp\/v2\/media?parent=514"}],"curies":[{"name":"wp","href":"https:\/\/api.w.org\/{rel}","templated":true}]}}