{"id":41,"date":"2025-10-01T13:09:33","date_gmt":"2025-10-01T16:09:33","guid":{"rendered":"https:\/\/pregoncriollo.cl\/?page_id=41"},"modified":"2025-10-21T21:53:43","modified_gmt":"2025-10-22T00:53:43","slug":"noticias","status":"publish","type":"page","link":"https:\/\/pregoncriollo.cl\/index.php\/noticias\/","title":{"rendered":"Noticias"},"content":{"rendered":"\n<h2 class=\"wp-block-heading\"><strong>Noticias<\/strong><\/h2>\n\n\n\n<div class=\"wp-block-columns is-layout-flex wp-container-core-columns-is-layout-9d6595d7 wp-block-columns-is-layout-flex\">\n<div class=\"wp-block-column is-layout-flow wp-block-column-is-layout-flow\">\n<figure class=\"wp-block-image size-large decoracion_imagen\"><a href=\"https:\/\/pregoncriollo.cl\/index.php\/festival-de-folclor-en-santa-fe-argentina\/\"><img loading=\"lazy\" decoding=\"async\" width=\"1024\" height=\"666\" src=\"https:\/\/pregoncriollo.cl\/wp-content\/uploads\/2025\/10\/c_Argentina1_webp-1024x666.webp\" alt=\"Festival folcl\u00f3rico Argentina\" class=\"wp-image-474\" srcset=\"https:\/\/pregoncriollo.cl\/wp-content\/uploads\/2025\/10\/c_Argentina1_webp-1024x666.webp 1024w, https:\/\/pregoncriollo.cl\/wp-content\/uploads\/2025\/10\/c_Argentina1_webp-300x195.webp 300w, https:\/\/pregoncriollo.cl\/wp-content\/uploads\/2025\/10\/c_Argentina1_webp-768x500.webp 768w, https:\/\/pregoncriollo.cl\/wp-content\/uploads\/2025\/10\/c_Argentina1_webp-1536x999.webp 1536w, https:\/\/pregoncriollo.cl\/wp-content\/uploads\/2025\/10\/c_Argentina1_webp.webp 1600w\" sizes=\"auto, (max-width: 1024px) 100vw, 1024px\" \/><\/a><figcaption class=\"wp-element-caption\">Festival folcl\u00f3rico Argentina 2018<\/figcaption><\/figure>\n<\/div>\n\n\n\n<div class=\"wp-block-column is-layout-flow wp-block-column-is-layout-flow\">\n<figure class=\"wp-block-image size-large decoracion_imagen\"><a href=\"https:\/\/pregoncriollo.cl\/index.php\/festivales-internacionales-de-folklore-summerfest-hungria-2017\/\"><img loading=\"lazy\" decoding=\"async\" width=\"1024\" height=\"666\" src=\"https:\/\/pregoncriollo.cl\/wp-content\/uploads\/2025\/10\/c_Hungria1_webp-1024x666.webp\" alt=\"Festival folcl\u00f3rico Hungr\u00eda\" class=\"wp-image-487\" srcset=\"https:\/\/pregoncriollo.cl\/wp-content\/uploads\/2025\/10\/c_Hungria1_webp-1024x666.webp 1024w, https:\/\/pregoncriollo.cl\/wp-content\/uploads\/2025\/10\/c_Hungria1_webp-300x195.webp 300w, https:\/\/pregoncriollo.cl\/wp-content\/uploads\/2025\/10\/c_Hungria1_webp-768x500.webp 768w, https:\/\/pregoncriollo.cl\/wp-content\/uploads\/2025\/10\/c_Hungria1_webp-1536x999.webp 1536w, https:\/\/pregoncriollo.cl\/wp-content\/uploads\/2025\/10\/c_Hungria1_webp.webp 1600w\" sizes=\"auto, (max-width: 1024px) 100vw, 1024px\" \/><\/a><figcaption class=\"wp-element-caption\">Festival folcl\u00f3rico Hungr\u00eda 2017<\/figcaption><\/figure>\n<\/div>\n\n\n\n<div class=\"wp-block-column is-layout-flow wp-block-column-is-layout-flow\">\n<figure class=\"wp-block-image size-large decoracion_imagen\"><a href=\"https:\/\/pregoncriollo.cl\/index.php\/festivales-internacionales-de-folklore-summerfest-hungria-e-interetno-serbia-de-agosto-2017\/\"><img loading=\"lazy\" decoding=\"async\" width=\"1024\" height=\"666\" src=\"https:\/\/pregoncriollo.cl\/wp-content\/uploads\/2025\/10\/c_Serbia1_webp-1024x666.webp\" alt=\"Festival folcl\u00f3rico Serbia\" class=\"wp-image-500\" srcset=\"https:\/\/pregoncriollo.cl\/wp-content\/uploads\/2025\/10\/c_Serbia1_webp-1024x666.webp 1024w, https:\/\/pregoncriollo.cl\/wp-content\/uploads\/2025\/10\/c_Serbia1_webp-300x195.webp 300w, https:\/\/pregoncriollo.cl\/wp-content\/uploads\/2025\/10\/c_Serbia1_webp-768x500.webp 768w, https:\/\/pregoncriollo.cl\/wp-content\/uploads\/2025\/10\/c_Serbia1_webp-1536x999.webp 1536w, https:\/\/pregoncriollo.cl\/wp-content\/uploads\/2025\/10\/c_Serbia1_webp.webp 1600w\" sizes=\"auto, (max-width: 1024px) 100vw, 1024px\" \/><\/a><figcaption class=\"wp-element-caption\">Festival folcl\u00f3rico Serbia 2017<\/figcaption><\/figure>\n<\/div>\n<\/div>\n\n\n\n<h3 class=\"wp-block-heading\"><strong>Instagram<\/strong><\/h3>\n\n\n\n<div class=\"wp-block-group Decoracion_imagen\"><div class=\"wp-block-group__inner-container is-layout-constrained wp-block-group-is-layout-constrained\">        <div\n            class=\"spotlight-instagram-feed decoracion_imagen\"\n            data-feed-var=\"a5c21f20\"\n            data-analytics=\"0\"\n            data-instance=\"41\"\n        >\n        <\/div>\n        <input type=\"hidden\" id=\"sli__f__a5c21f20\" data-json='{&quot;useCase&quot;:&quot;accounts&quot;,&quot;template&quot;:&quot;gallery&quot;,&quot;layout&quot;:&quot;grid&quot;,&quot;numColumns&quot;:{&quot;desktop&quot;:5,&quot;tablet&quot;:4,&quot;phone&quot;:3},&quot;highlightFreq&quot;:{&quot;desktop&quot;:7},&quot;sliderNumScrollPosts&quot;:{&quot;desktop&quot;:1},&quot;sliderInfinite&quot;:true,&quot;sliderLoop&quot;:false,&quot;sliderArrowPos&quot;:{&quot;desktop&quot;:&quot;inside&quot;},&quot;sliderArrowSize&quot;:{&quot;desktop&quot;:20},&quot;sliderArrowColor&quot;:{&quot;r&quot;:255,&quot;b&quot;:255,&quot;g&quot;:255,&quot;a&quot;:1},&quot;sliderArrowBgColor&quot;:{&quot;r&quot;:0,&quot;b&quot;:0,&quot;g&quot;:0,&quot;a&quot;:0.8},&quot;sliderAutoScroll&quot;:false,&quot;sliderAutoInterval&quot;:3,&quot;postOrder&quot;:&quot;date_desc&quot;,&quot;numPosts&quot;:{&quot;desktop&quot;:15,&quot;tablet&quot;:12,&quot;phone&quot;:9},&quot;linkBehavior&quot;:{&quot;desktop&quot;:&quot;lightbox&quot;},&quot;feedWidth&quot;:{&quot;desktop&quot;:&quot;&quot;},&quot;feedHeight&quot;:{&quot;desktop&quot;:&quot;&quot;},&quot;feedPadding&quot;:{&quot;desktop&quot;:0,&quot;tablet&quot;:0,&quot;phone&quot;:0},&quot;imgPadding&quot;:{&quot;desktop&quot;:0,&quot;tablet&quot;:0,&quot;phone&quot;:0},&quot;ratio&quot;:&quot;classic&quot;,&quot;textSize&quot;:{&quot;desktop&quot;:&quot;&quot;,&quot;tablet&quot;:&quot;&quot;,&quot;phone&quot;:&quot;&quot;},&quot;bgColor&quot;:{&quot;r&quot;:255,&quot;g&quot;:255,&quot;b&quot;:255,&quot;a&quot;:0},&quot;hoverInfo&quot;:[&quot;likes_comments&quot;,&quot;insta_link&quot;],&quot;textColorHover&quot;:{&quot;r&quot;:255,&quot;g&quot;:255,&quot;b&quot;:255,&quot;a&quot;:1},&quot;bgColorHover&quot;:{&quot;r&quot;:0,&quot;g&quot;:0,&quot;b&quot;:0,&quot;a&quot;:0.5},&quot;showHeader&quot;:{&quot;desktop&quot;:false},&quot;headerInfo&quot;:{&quot;desktop&quot;:[&quot;profile_pic&quot;,&quot;bio&quot;]},&quot;headerAccount&quot;:5,&quot;headerStyle&quot;:{&quot;desktop&quot;:&quot;normal&quot;,&quot;phone&quot;:&quot;centered&quot;},&quot;headerTextSize&quot;:{&quot;desktop&quot;:&quot;&quot;},&quot;headerPhotoSize&quot;:{&quot;desktop&quot;:50},&quot;headerTextColor&quot;:{&quot;r&quot;:0,&quot;g&quot;:0,&quot;b&quot;:0,&quot;a&quot;:1},&quot;headerBgColor&quot;:{&quot;r&quot;:255,&quot;g&quot;:255,&quot;b&quot;:255,&quot;a&quot;:1},&quot;headerPadding&quot;:{&quot;desktop&quot;:0},&quot;customProfilePic&quot;:0,&quot;customBioText&quot;:&quot;&quot;,&quot;includeStories&quot;:false,&quot;storiesInterval&quot;:5,&quot;showCaptions&quot;:{&quot;desktop&quot;:false},&quot;captionMaxLength&quot;:{&quot;desktop&quot;:0},&quot;captionRemoveDots&quot;:false,&quot;captionSize&quot;:{&quot;desktop&quot;:0},&quot;captionColor&quot;:{&quot;r&quot;:0,&quot;g&quot;:0,&quot;b&quot;:0,&quot;a&quot;:1},&quot;showLikes&quot;:{&quot;desktop&quot;:false},&quot;showComments&quot;:{&quot;desktop&quot;:false},&quot;lcIconSize&quot;:{&quot;desktop&quot;:14},&quot;likesIconColor&quot;:{&quot;r&quot;:0,&quot;g&quot;:0,&quot;b&quot;:0,&quot;a&quot;:1},&quot;commentsIconColor&quot;:{&quot;r&quot;:0,&quot;g&quot;:0,&quot;b&quot;:0,&quot;a&quot;:1},&quot;lightboxShowSidebar&quot;:false,&quot;lightboxCtaStyle&quot;:&quot;link&quot;,&quot;lightboxCtaDesign&quot;:{&quot;text&quot;:{&quot;color&quot;:{&quot;r&quot;:0,&quot;g&quot;:0,&quot;b&quot;:0,&quot;a&quot;:1},&quot;align&quot;:&quot;center&quot;},&quot;bgColor&quot;:{&quot;r&quot;:230,&quot;g&quot;:230,&quot;b&quot;:230,&quot;a&quot;:1},&quot;border&quot;:{&quot;radius&quot;:3}},&quot;numLightboxComments&quot;:50,&quot;showLoadMoreBtn&quot;:{&quot;desktop&quot;:false},&quot;loadMoreBtnDesign&quot;:{&quot;text&quot;:{&quot;color&quot;:{&quot;r&quot;:255,&quot;g&quot;:255,&quot;b&quot;:255,&quot;a&quot;:1},&quot;align&quot;:&quot;center&quot;},&quot;border&quot;:{&quot;radius&quot;:3},&quot;bgColor&quot;:{&quot;r&quot;:0,&quot;g&quot;:149,&quot;b&quot;:246,&quot;a&quot;:1},&quot;margin&quot;:{&quot;top&quot;:0,&quot;bottom&quot;:0,&quot;left&quot;:0,&quot;right&quot;:0}},&quot;loadMoreBtnText&quot;:&quot;Load more&quot;,&quot;loadMoreBtnScroll&quot;:true,&quot;autoload&quot;:false,&quot;showFollowBtn&quot;:{&quot;desktop&quot;:false,&quot;phone&quot;:false,&quot;tablet&quot;:false},&quot;followBtnText&quot;:&quot;Follow on Instagram&quot;,&quot;followBtnDesign&quot;:{&quot;text&quot;:{&quot;color&quot;:{&quot;r&quot;:255,&quot;g&quot;:255,&quot;b&quot;:255,&quot;a&quot;:1},&quot;align&quot;:&quot;center&quot;},&quot;border&quot;:{&quot;radius&quot;:3},&quot;bgColor&quot;:{&quot;r&quot;:0,&quot;g&quot;:149,&quot;b&quot;:246,&quot;a&quot;:1},&quot;margin&quot;:{&quot;top&quot;:0,&quot;bottom&quot;:0,&quot;left&quot;:0,&quot;right&quot;:0}},&quot;followBtnLocation&quot;:{&quot;desktop&quot;:&quot;header&quot;,&quot;phone&quot;:&quot;bottom&quot;},&quot;alignFooterButtons&quot;:{&quot;desktop&quot;:false},&quot;customCss&quot;:&quot;\\\/* Enter your custom CSS below *\\\/\\n\\n&quot;,&quot;accounts&quot;:[569],&quot;tagged&quot;:[],&quot;hashtags&quot;:[],&quot;mediaType&quot;:&quot;all&quot;,&quot;hashtagWhitelist&quot;:[],&quot;hashtagBlacklist&quot;:[],&quot;captionWhitelist&quot;:[],&quot;captionBlacklist&quot;:[],&quot;hashtagWhitelistSettings&quot;:true,&quot;hashtagBlacklistSettings&quot;:true,&quot;captionWhitelistSettings&quot;:true,&quot;captionBlacklistSettings&quot;:true,&quot;moderation&quot;:[],&quot;moderationMode&quot;:&quot;blacklist&quot;,&quot;promosVersion&quot;:2,&quot;promosEnabled&quot;:true,&quot;globalPromosEnabled&quot;:true,&quot;autoPromosEnabled&quot;:true,&quot;promoOverrides&quot;:[],&quot;feedPromo&quot;:{&quot;linkSource&quot;:{&quot;type&quot;:null},&quot;linkBehavior&quot;:{&quot;openNewTab&quot;:false,&quot;showPopupBox&quot;:false},&quot;linkText&quot;:&quot;&quot;},&quot;gaCampaignSource&quot;:&quot;&quot;,&quot;gaCampaignMedium&quot;:&quot;&quot;,&quot;gaCampaignName&quot;:&quot;&quot;,&quot;className&quot;:&quot;decoracion_imagen&quot;}' \/>\n        <input type=\"hidden\" id=\"sli__a__a5c21f20\" data-json='[{&quot;id&quot;:569,&quot;type&quot;:&quot;PERSONAL&quot;,&quot;userId&quot;:&quot;25238803815756054&quot;,&quot;username&quot;:&quot;pregoncriollo&quot;,&quot;bio&quot;:&quot;&quot;,&quot;customBio&quot;:&quot;&quot;,&quot;profilePicUrl&quot;:&quot;&quot;,&quot;customProfilePicUrl&quot;:&quot;&quot;,&quot;mediaCount&quot;:&quot;363&quot;,&quot;followersCount&quot;:&quot;0&quot;,&quot;usages&quot;:[],&quot;creationDate&quot;:&quot;2025-10-19 21:10:24&quot;}]' \/>\n        <input type=\"hidden\" id=\"sli__m__a5c21f20\" data-json='[]' \/>\n        <\/div><\/div>\n\n\n\n<div style=\"height:40px\" aria-hidden=\"true\" class=\"wp-block-spacer\"><\/div>\n\n\n\n<div class=\"wp-block-buttons is-layout-flex wp-block-buttons-is-layout-flex\">\n<div class=\"wp-block-button is-style-fill\"><a class=\"wp-block-button__link wp-element-button\" href=\"https:\/\/pregoncriollo.cl\/\">Portada<\/a><\/div>\n<\/div>\n","protected":false},"excerpt":{"rendered":"<p>Noticias Instagram<\/p>\n","protected":false},"author":1,"featured_media":0,"parent":0,"menu_order":16,"comment_status":"closed","ping_status":"closed","template":"","meta":{"footnotes":""},"class_list":["post-41","page","type-page","status-publish"],"yoast_head":"<!-- This site is optimized with the Yoast SEO plugin v27.2 - https:\/\/yoast.com\/product\/yoast-seo-wordpress\/ -->\n<title>Noticias - Grupo Folcl\u00f3rico Preg\u00f3n Criollo<\/title>\n<meta name=\"robots\" content=\"index, follow, max-snippet:-1, max-image-preview:large, max-video-preview:-1\" \/>\n<link rel=\"canonical\" href=\"https:\/\/pregoncriollo.cl\/index.php\/noticias\/\" \/>\n<meta property=\"og:locale\" content=\"es_ES\" \/>\n<meta property=\"og:type\" content=\"article\" \/>\n<meta property=\"og:title\" content=\"Noticias - Grupo Folcl\u00f3rico Preg\u00f3n Criollo\" \/>\n<meta property=\"og:description\" content=\"Noticias Instagram\" \/>\n<meta property=\"og:url\" content=\"https:\/\/pregoncriollo.cl\/index.php\/noticias\/\" \/>\n<meta property=\"og:site_name\" content=\"Grupo Folcl\u00f3rico Preg\u00f3n Criollo\" \/>\n<meta property=\"article:publisher\" content=\"https:\/\/www.facebook.com\/PregonCriolloChile\/\" \/>\n<meta property=\"article:modified_time\" content=\"2025-10-22T00:53:43+00:00\" \/>\n<meta property=\"og:image\" content=\"https:\/\/pregoncriollo.cl\/wp-content\/uploads\/2025\/10\/c_Argentina1_webp-1024x666.webp\" \/>\n<meta name=\"twitter:card\" content=\"summary_large_image\" \/>\n<meta name=\"twitter:label1\" content=\"Tiempo estimado de lectura\" \/>\n\t<meta name=\"twitter:data1\" content=\"1 minuto\" \/>\n<script type=\"application\/ld+json\" class=\"yoast-schema-graph\">{\"@context\":\"https:\/\/schema.org\",\"@graph\":[{\"@type\":\"WebPage\",\"@id\":\"https:\/\/pregoncriollo.cl\/index.php\/noticias\/\",\"url\":\"https:\/\/pregoncriollo.cl\/index.php\/noticias\/\",\"name\":\"Noticias - Grupo Folcl\u00f3rico Preg\u00f3n Criollo\",\"isPartOf\":{\"@id\":\"https:\/\/pregoncriollo.cl\/#website\"},\"primaryImageOfPage\":{\"@id\":\"https:\/\/pregoncriollo.cl\/index.php\/noticias\/#primaryimage\"},\"image\":{\"@id\":\"https:\/\/pregoncriollo.cl\/index.php\/noticias\/#primaryimage\"},\"thumbnailUrl\":\"https:\/\/pregoncriollo.cl\/wp-content\/uploads\/2025\/10\/c_Argentina1_webp-1024x666.webp\",\"datePublished\":\"2025-10-01T16:09:33+00:00\",\"dateModified\":\"2025-10-22T00:53:43+00:00\",\"breadcrumb\":{\"@id\":\"https:\/\/pregoncriollo.cl\/index.php\/noticias\/#breadcrumb\"},\"inLanguage\":\"es-CL\",\"potentialAction\":[{\"@type\":\"ReadAction\",\"target\":[\"https:\/\/pregoncriollo.cl\/index.php\/noticias\/\"]}]},{\"@type\":\"ImageObject\",\"inLanguage\":\"es-CL\",\"@id\":\"https:\/\/pregoncriollo.cl\/index.php\/noticias\/#primaryimage\",\"url\":\"https:\/\/pregoncriollo.cl\/wp-content\/uploads\/2025\/10\/c_Argentina1_webp.webp\",\"contentUrl\":\"https:\/\/pregoncriollo.cl\/wp-content\/uploads\/2025\/10\/c_Argentina1_webp.webp\",\"width\":1600,\"height\":1041,\"caption\":\"Festival folcl\u00f3rico Argentina\"},{\"@type\":\"BreadcrumbList\",\"@id\":\"https:\/\/pregoncriollo.cl\/index.php\/noticias\/#breadcrumb\",\"itemListElement\":[{\"@type\":\"ListItem\",\"position\":1,\"name\":\"Portada\",\"item\":\"https:\/\/pregoncriollo.cl\/\"},{\"@type\":\"ListItem\",\"position\":2,\"name\":\"Noticias\"}]},{\"@type\":\"WebSite\",\"@id\":\"https:\/\/pregoncriollo.cl\/#website\",\"url\":\"https:\/\/pregoncriollo.cl\/\",\"name\":\"Grupo Folcl\u00f3rico Preg\u00f3n Criollo\",\"description\":\"Sitio web oficial del Grupo Folcl\u00f3rico Preg\u00f3n Criollo\",\"publisher\":{\"@id\":\"https:\/\/pregoncriollo.cl\/#organization\"},\"potentialAction\":[{\"@type\":\"SearchAction\",\"target\":{\"@type\":\"EntryPoint\",\"urlTemplate\":\"https:\/\/pregoncriollo.cl\/?s={search_term_string}\"},\"query-input\":{\"@type\":\"PropertyValueSpecification\",\"valueRequired\":true,\"valueName\":\"search_term_string\"}}],\"inLanguage\":\"es-CL\"},{\"@type\":\"Organization\",\"@id\":\"https:\/\/pregoncriollo.cl\/#organization\",\"name\":\"Grupo Folcl\u00f3rico Preg\u00f3n Criollo\",\"url\":\"https:\/\/pregoncriollo.cl\/\",\"logo\":{\"@type\":\"ImageObject\",\"inLanguage\":\"es-CL\",\"@id\":\"https:\/\/pregoncriollo.cl\/#\/schema\/logo\/image\/\",\"url\":\"https:\/\/pregoncriollo.cl\/wp-content\/uploads\/2025\/10\/logo-pregon-webp.webp\",\"contentUrl\":\"https:\/\/pregoncriollo.cl\/wp-content\/uploads\/2025\/10\/logo-pregon-webp.webp\",\"width\":336,\"height\":120,\"caption\":\"Grupo Folcl\u00f3rico Preg\u00f3n Criollo\"},\"image\":{\"@id\":\"https:\/\/pregoncriollo.cl\/#\/schema\/logo\/image\/\"},\"sameAs\":[\"https:\/\/www.facebook.com\/PregonCriolloChile\/\",\"https:\/\/www.youtube.com\/channel\/UCv3UXkirClyHXugJfcCfDgg\",\"https:\/\/www.instagram.com\/pregoncriollo\/\"]}]}<\/script>\n<!-- \/ Yoast SEO plugin. -->","yoast_head_json":{"title":"Noticias - Grupo Folcl\u00f3rico Preg\u00f3n Criollo","robots":{"index":"index","follow":"follow","max-snippet":"max-snippet:-1","max-image-preview":"max-image-preview:large","max-video-preview":"max-video-preview:-1"},"canonical":"https:\/\/pregoncriollo.cl\/index.php\/noticias\/","og_locale":"es_ES","og_type":"article","og_title":"Noticias - Grupo Folcl\u00f3rico Preg\u00f3n Criollo","og_description":"Noticias Instagram","og_url":"https:\/\/pregoncriollo.cl\/index.php\/noticias\/","og_site_name":"Grupo Folcl\u00f3rico Preg\u00f3n Criollo","article_publisher":"https:\/\/www.facebook.com\/PregonCriolloChile\/","article_modified_time":"2025-10-22T00:53:43+00:00","og_image":[{"url":"https:\/\/pregoncriollo.cl\/wp-content\/uploads\/2025\/10\/c_Argentina1_webp-1024x666.webp","type":"","width":"","height":""}],"twitter_card":"summary_large_image","twitter_misc":{"Tiempo estimado de lectura":"1 minuto"},"schema":{"@context":"https:\/\/schema.org","@graph":[{"@type":"WebPage","@id":"https:\/\/pregoncriollo.cl\/index.php\/noticias\/","url":"https:\/\/pregoncriollo.cl\/index.php\/noticias\/","name":"Noticias - Grupo Folcl\u00f3rico Preg\u00f3n Criollo","isPartOf":{"@id":"https:\/\/pregoncriollo.cl\/#website"},"primaryImageOfPage":{"@id":"https:\/\/pregoncriollo.cl\/index.php\/noticias\/#primaryimage"},"image":{"@id":"https:\/\/pregoncriollo.cl\/index.php\/noticias\/#primaryimage"},"thumbnailUrl":"https:\/\/pregoncriollo.cl\/wp-content\/uploads\/2025\/10\/c_Argentina1_webp-1024x666.webp","datePublished":"2025-10-01T16:09:33+00:00","dateModified":"2025-10-22T00:53:43+00:00","breadcrumb":{"@id":"https:\/\/pregoncriollo.cl\/index.php\/noticias\/#breadcrumb"},"inLanguage":"es-CL","potentialAction":[{"@type":"ReadAction","target":["https:\/\/pregoncriollo.cl\/index.php\/noticias\/"]}]},{"@type":"ImageObject","inLanguage":"es-CL","@id":"https:\/\/pregoncriollo.cl\/index.php\/noticias\/#primaryimage","url":"https:\/\/pregoncriollo.cl\/wp-content\/uploads\/2025\/10\/c_Argentina1_webp.webp","contentUrl":"https:\/\/pregoncriollo.cl\/wp-content\/uploads\/2025\/10\/c_Argentina1_webp.webp","width":1600,"height":1041,"caption":"Festival folcl\u00f3rico Argentina"},{"@type":"BreadcrumbList","@id":"https:\/\/pregoncriollo.cl\/index.php\/noticias\/#breadcrumb","itemListElement":[{"@type":"ListItem","position":1,"name":"Portada","item":"https:\/\/pregoncriollo.cl\/"},{"@type":"ListItem","position":2,"name":"Noticias"}]},{"@type":"WebSite","@id":"https:\/\/pregoncriollo.cl\/#website","url":"https:\/\/pregoncriollo.cl\/","name":"Grupo Folcl\u00f3rico Preg\u00f3n Criollo","description":"Sitio web oficial del Grupo Folcl\u00f3rico Preg\u00f3n Criollo","publisher":{"@id":"https:\/\/pregoncriollo.cl\/#organization"},"potentialAction":[{"@type":"SearchAction","target":{"@type":"EntryPoint","urlTemplate":"https:\/\/pregoncriollo.cl\/?s={search_term_string}"},"query-input":{"@type":"PropertyValueSpecification","valueRequired":true,"valueName":"search_term_string"}}],"inLanguage":"es-CL"},{"@type":"Organization","@id":"https:\/\/pregoncriollo.cl\/#organization","name":"Grupo Folcl\u00f3rico Preg\u00f3n Criollo","url":"https:\/\/pregoncriollo.cl\/","logo":{"@type":"ImageObject","inLanguage":"es-CL","@id":"https:\/\/pregoncriollo.cl\/#\/schema\/logo\/image\/","url":"https:\/\/pregoncriollo.cl\/wp-content\/uploads\/2025\/10\/logo-pregon-webp.webp","contentUrl":"https:\/\/pregoncriollo.cl\/wp-content\/uploads\/2025\/10\/logo-pregon-webp.webp","width":336,"height":120,"caption":"Grupo Folcl\u00f3rico Preg\u00f3n Criollo"},"image":{"@id":"https:\/\/pregoncriollo.cl\/#\/schema\/logo\/image\/"},"sameAs":["https:\/\/www.facebook.com\/PregonCriolloChile\/","https:\/\/www.youtube.com\/channel\/UCv3UXkirClyHXugJfcCfDgg","https:\/\/www.instagram.com\/pregoncriollo\/"]}]}},"_links":{"self":[{"href":"https:\/\/pregoncriollo.cl\/index.php\/wp-json\/wp\/v2\/pages\/41","targetHints":{"allow":["GET"]}}],"collection":[{"href":"https:\/\/pregoncriollo.cl\/index.php\/wp-json\/wp\/v2\/pages"}],"about":[{"href":"https:\/\/pregoncriollo.cl\/index.php\/wp-json\/wp\/v2\/types\/page"}],"author":[{"embeddable":true,"href":"https:\/\/pregoncriollo.cl\/index.php\/wp-json\/wp\/v2\/users\/1"}],"replies":[{"embeddable":true,"href":"https:\/\/pregoncriollo.cl\/index.php\/wp-json\/wp\/v2\/comments?post=41"}],"version-history":[{"count":25,"href":"https:\/\/pregoncriollo.cl\/index.php\/wp-json\/wp\/v2\/pages\/41\/revisions"}],"predecessor-version":[{"id":964,"href":"https:\/\/pregoncriollo.cl\/index.php\/wp-json\/wp\/v2\/pages\/41\/revisions\/964"}],"wp:attachment":[{"href":"https:\/\/pregoncriollo.cl\/index.php\/wp-json\/wp\/v2\/media?parent=41"}],"curies":[{"name":"wp","href":"https:\/\/api.w.org\/{rel}","templated":true}]}}