{"id":39,"date":"2025-10-01T13:09:02","date_gmt":"2025-10-01T16:09:02","guid":{"rendered":"https:\/\/pregoncriollo.cl\/?page_id=39"},"modified":"2025-10-19T16:59:58","modified_gmt":"2025-10-19T19:59:58","slug":"galeria","status":"publish","type":"page","link":"https:\/\/pregoncriollo.cl\/index.php\/galeria\/","title":{"rendered":"Galer\u00eda"},"content":{"rendered":"\n<div class=\"wp-block-columns is-layout-flex wp-container-core-columns-is-layout-9d6595d7 wp-block-columns-is-layout-flex\">\n<div class=\"wp-block-column decoracion_imagen is-layout-flow wp-block-column-is-layout-flow\">\n<div class=\"wp-block-cover\"><img loading=\"lazy\" decoding=\"async\" width=\"1024\" height=\"666\" class=\"wp-block-cover__image-background wp-image-458\" alt=\"\" src=\"https:\/\/pregoncriollo.cl\/wp-content\/uploads\/2025\/10\/c_portada3_webp-1024x666.webp\" data-object-fit=\"cover\" srcset=\"https:\/\/pregoncriollo.cl\/wp-content\/uploads\/2025\/10\/c_portada3_webp-1024x666.webp 1024w, https:\/\/pregoncriollo.cl\/wp-content\/uploads\/2025\/10\/c_portada3_webp-300x195.webp 300w, https:\/\/pregoncriollo.cl\/wp-content\/uploads\/2025\/10\/c_portada3_webp-768x500.webp 768w, https:\/\/pregoncriollo.cl\/wp-content\/uploads\/2025\/10\/c_portada3_webp-1536x999.webp 1536w, https:\/\/pregoncriollo.cl\/wp-content\/uploads\/2025\/10\/c_portada3_webp.webp 1600w\" sizes=\"auto, (max-width: 1024px) 100vw, 1024px\" \/><span aria-hidden=\"true\" class=\"wp-block-cover__background has-background-dim\"><\/span><div class=\"wp-block-cover__inner-container is-layout-flow wp-block-cover-is-layout-flow\">\n<p class=\"has-text-align-center has-base-3-color has-text-color has-link-color has-large-font-size wp-elements-89e314af9a7ff431861059da4bd21233\"><strong><em><a href=\"https:\/\/pregoncriollo.cl\/index.php\/imagenes\/\">Im\u00e1genes<\/a><\/em><\/strong><\/p>\n<\/div><\/div>\n<\/div>\n\n\n\n<div class=\"wp-block-column is-layout-flow wp-block-column-is-layout-flow\">\n<div class=\"wp-block-cover decoracion_imagen\"><img loading=\"lazy\" decoding=\"async\" width=\"1024\" height=\"666\" class=\"wp-block-cover__image-background wp-image-492 size-large\" alt=\"Festival folcl\u00f3rico Hungr\u00eda\" src=\"https:\/\/pregoncriollo.cl\/wp-content\/uploads\/2025\/10\/c_Hungria6_webp-1024x666.webp\" data-object-fit=\"cover\" srcset=\"https:\/\/pregoncriollo.cl\/wp-content\/uploads\/2025\/10\/c_Hungria6_webp-1024x666.webp 1024w, https:\/\/pregoncriollo.cl\/wp-content\/uploads\/2025\/10\/c_Hungria6_webp-300x195.webp 300w, https:\/\/pregoncriollo.cl\/wp-content\/uploads\/2025\/10\/c_Hungria6_webp-768x500.webp 768w, https:\/\/pregoncriollo.cl\/wp-content\/uploads\/2025\/10\/c_Hungria6_webp-1536x999.webp 1536w, https:\/\/pregoncriollo.cl\/wp-content\/uploads\/2025\/10\/c_Hungria6_webp.webp 1600w\" sizes=\"auto, (max-width: 1024px) 100vw, 1024px\" \/><span aria-hidden=\"true\" class=\"wp-block-cover__background has-background-dim\"><\/span><div class=\"wp-block-cover__inner-container is-layout-flow wp-block-cover-is-layout-flow\">\n<p class=\"has-text-align-center has-base-3-color has-text-color has-link-color has-large-font-size wp-elements-52ea91860032846507c121f3f0515753\"><strong><em><a href=\"https:\/\/pregoncriollo.cl\/index.php\/videos\/\">Videos<\/a><\/em><\/strong><\/p>\n<\/div><\/div>\n<\/div>\n\n\n\n<div class=\"wp-block-column is-layout-flow wp-block-column-is-layout-flow\">\n<div class=\"wp-block-cover decoracion_imagen\"><img loading=\"lazy\" decoding=\"async\" width=\"1024\" height=\"666\" class=\"wp-block-cover__image-background wp-image-476 size-large\" alt=\"Festival folcl\u00f3rico Argentina\" src=\"https:\/\/pregoncriollo.cl\/wp-content\/uploads\/2025\/10\/c_Argentina3_webp-1024x666.webp\" data-object-fit=\"cover\" srcset=\"https:\/\/pregoncriollo.cl\/wp-content\/uploads\/2025\/10\/c_Argentina3_webp-1024x666.webp 1024w, https:\/\/pregoncriollo.cl\/wp-content\/uploads\/2025\/10\/c_Argentina3_webp-300x195.webp 300w, https:\/\/pregoncriollo.cl\/wp-content\/uploads\/2025\/10\/c_Argentina3_webp-768x500.webp 768w, https:\/\/pregoncriollo.cl\/wp-content\/uploads\/2025\/10\/c_Argentina3_webp-1536x999.webp 1536w, https:\/\/pregoncriollo.cl\/wp-content\/uploads\/2025\/10\/c_Argentina3_webp.webp 1600w\" sizes=\"auto, (max-width: 1024px) 100vw, 1024px\" \/><span aria-hidden=\"true\" class=\"wp-block-cover__background has-background-dim\" style=\"background-color:#4b4367\"><\/span><div class=\"wp-block-cover__inner-container is-layout-flow wp-block-cover-is-layout-flow\">\n<p class=\"has-text-align-center has-base-3-color has-text-color has-link-color has-large-font-size wp-elements-a47e9e721a7a6ea2454551c0f01e4f0f\"><strong><em><a href=\"https:\/\/pregoncriollo.cl\/index.php\/presentaciones\/\">Presentaciones<\/a><\/em><\/strong><\/p>\n<\/div><\/div>\n<\/div>\n<\/div>\n\n\n\n<div class=\"wp-block-columns is-layout-flex wp-container-core-columns-is-layout-9d6595d7 wp-block-columns-is-layout-flex\">\n<div class=\"wp-block-column decoracion_imagen is-layout-flow wp-block-column-is-layout-flow\">\n<div class=\"wp-block-cover\"><img loading=\"lazy\" decoding=\"async\" width=\"1024\" height=\"666\" class=\"wp-block-cover__image-background wp-image-502 size-large\" alt=\"Festival folcl\u00f3rico Serbia\" src=\"https:\/\/pregoncriollo.cl\/wp-content\/uploads\/2025\/10\/c_Serbia3_webp-1024x666.webp\" data-object-fit=\"cover\" srcset=\"https:\/\/pregoncriollo.cl\/wp-content\/uploads\/2025\/10\/c_Serbia3_webp-1024x666.webp 1024w, https:\/\/pregoncriollo.cl\/wp-content\/uploads\/2025\/10\/c_Serbia3_webp-300x195.webp 300w, https:\/\/pregoncriollo.cl\/wp-content\/uploads\/2025\/10\/c_Serbia3_webp-768x500.webp 768w, https:\/\/pregoncriollo.cl\/wp-content\/uploads\/2025\/10\/c_Serbia3_webp-1536x999.webp 1536w, https:\/\/pregoncriollo.cl\/wp-content\/uploads\/2025\/10\/c_Serbia3_webp.webp 1600w\" sizes=\"auto, (max-width: 1024px) 100vw, 1024px\" \/><span aria-hidden=\"true\" class=\"wp-block-cover__background has-background-dim\" style=\"background-color:#574e4a\"><\/span><div class=\"wp-block-cover__inner-container is-layout-flow wp-block-cover-is-layout-flow\">\n<p class=\"has-text-align-center has-base-3-color has-text-color has-link-color has-large-font-size wp-elements-9733ac84659abe468090b160fd010373\"><strong><em><a href=\"https:\/\/pregoncriollo.cl\/index.php\/mediaciones\/\">Mediaciones<\/a><\/em><\/strong><\/p>\n<\/div><\/div>\n<\/div>\n\n\n\n<div class=\"wp-block-column is-layout-flow wp-block-column-is-layout-flow\"><\/div>\n\n\n\n<div class=\"wp-block-column is-layout-flow wp-block-column-is-layout-flow\">\n<div class=\"wp-block-cover decoracion_imagen\"><img loading=\"lazy\" decoding=\"async\" width=\"1024\" height=\"666\" class=\"wp-block-cover__image-background wp-image-457 size-large\" alt=\"\" src=\"https:\/\/pregoncriollo.cl\/wp-content\/uploads\/2025\/10\/c_portada2_webp-1024x666.webp\" data-object-fit=\"cover\" srcset=\"https:\/\/pregoncriollo.cl\/wp-content\/uploads\/2025\/10\/c_portada2_webp-1024x666.webp 1024w, https:\/\/pregoncriollo.cl\/wp-content\/uploads\/2025\/10\/c_portada2_webp-300x195.webp 300w, https:\/\/pregoncriollo.cl\/wp-content\/uploads\/2025\/10\/c_portada2_webp-768x500.webp 768w, https:\/\/pregoncriollo.cl\/wp-content\/uploads\/2025\/10\/c_portada2_webp-1536x999.webp 1536w, https:\/\/pregoncriollo.cl\/wp-content\/uploads\/2025\/10\/c_portada2_webp.webp 1600w\" sizes=\"auto, (max-width: 1024px) 100vw, 1024px\" \/><span aria-hidden=\"true\" class=\"wp-block-cover__background has-background-dim\" style=\"background-color:#764f4b\"><\/span><div class=\"wp-block-cover__inner-container is-layout-flow wp-block-cover-is-layout-flow\">\n<p class=\"has-text-align-center has-base-3-color has-text-color has-link-color has-large-font-size wp-elements-a134972b36295d9ec244d46a472ed15f\"><strong><em><a href=\"https:\/\/pregoncriollo.cl\/index.php\/audiciones\/\">Audiciones<\/a><\/em><\/strong><\/p>\n<\/div><\/div>\n<\/div>\n<\/div>\n\n\n\n<div style=\"height:30px\" aria-hidden=\"true\" class=\"wp-block-spacer\"><\/div>\n\n\n\n<div class=\"wp-block-buttons is-layout-flex wp-block-buttons-is-layout-flex\">\n<div class=\"wp-block-button is-style-fill\"><a class=\"wp-block-button__link wp-element-button\" href=\"https:\/\/pregoncriollo.cl\/\">Portada<\/a><\/div>\n<\/div>\n","protected":false},"excerpt":{"rendered":"","protected":false},"author":1,"featured_media":0,"parent":0,"menu_order":9,"comment_status":"closed","ping_status":"closed","template":"","meta":{"footnotes":""},"class_list":["post-39","page","type-page","status-publish"],"yoast_head":"<!-- This site is optimized with the Yoast SEO plugin v27.2 - https:\/\/yoast.com\/product\/yoast-seo-wordpress\/ -->\n<title>Galer\u00eda - Grupo Folcl\u00f3rico Preg\u00f3n Criollo<\/title>\n<meta name=\"robots\" content=\"index, follow, max-snippet:-1, max-image-preview:large, max-video-preview:-1\" \/>\n<link rel=\"canonical\" href=\"https:\/\/pregoncriollo.cl\/index.php\/galeria\/\" \/>\n<meta property=\"og:locale\" content=\"es_ES\" \/>\n<meta property=\"og:type\" content=\"article\" \/>\n<meta property=\"og:title\" content=\"Galer\u00eda - Grupo Folcl\u00f3rico Preg\u00f3n Criollo\" \/>\n<meta property=\"og:url\" content=\"https:\/\/pregoncriollo.cl\/index.php\/galeria\/\" \/>\n<meta property=\"og:site_name\" content=\"Grupo Folcl\u00f3rico Preg\u00f3n Criollo\" \/>\n<meta property=\"article:publisher\" content=\"https:\/\/www.facebook.com\/PregonCriolloChile\/\" \/>\n<meta property=\"article:modified_time\" content=\"2025-10-19T19:59:58+00:00\" \/>\n<meta property=\"og:image\" content=\"https:\/\/pregoncriollo.cl\/wp-content\/uploads\/2025\/10\/c_portada3_webp-1024x666.webp\" \/>\n<meta name=\"twitter:card\" content=\"summary_large_image\" \/>\n<meta name=\"twitter:label1\" content=\"Tiempo estimado de lectura\" \/>\n\t<meta name=\"twitter:data1\" content=\"2 minutos\" \/>\n<script type=\"application\/ld+json\" class=\"yoast-schema-graph\">{\"@context\":\"https:\/\/schema.org\",\"@graph\":[{\"@type\":\"WebPage\",\"@id\":\"https:\/\/pregoncriollo.cl\/index.php\/galeria\/\",\"url\":\"https:\/\/pregoncriollo.cl\/index.php\/galeria\/\",\"name\":\"Galer\u00eda - Grupo Folcl\u00f3rico Preg\u00f3n Criollo\",\"isPartOf\":{\"@id\":\"https:\/\/pregoncriollo.cl\/#website\"},\"primaryImageOfPage\":{\"@id\":\"https:\/\/pregoncriollo.cl\/index.php\/galeria\/#primaryimage\"},\"image\":{\"@id\":\"https:\/\/pregoncriollo.cl\/index.php\/galeria\/#primaryimage\"},\"thumbnailUrl\":\"https:\/\/pregoncriollo.cl\/wp-content\/uploads\/2025\/10\/c_portada3_webp-1024x666.webp\",\"datePublished\":\"2025-10-01T16:09:02+00:00\",\"dateModified\":\"2025-10-19T19:59:58+00:00\",\"breadcrumb\":{\"@id\":\"https:\/\/pregoncriollo.cl\/index.php\/galeria\/#breadcrumb\"},\"inLanguage\":\"es-CL\",\"potentialAction\":[{\"@type\":\"ReadAction\",\"target\":[\"https:\/\/pregoncriollo.cl\/index.php\/galeria\/\"]}]},{\"@type\":\"ImageObject\",\"inLanguage\":\"es-CL\",\"@id\":\"https:\/\/pregoncriollo.cl\/index.php\/galeria\/#primaryimage\",\"url\":\"https:\/\/pregoncriollo.cl\/wp-content\/uploads\/2025\/10\/c_portada3_webp.webp\",\"contentUrl\":\"https:\/\/pregoncriollo.cl\/wp-content\/uploads\/2025\/10\/c_portada3_webp.webp\",\"width\":1600,\"height\":1041},{\"@type\":\"BreadcrumbList\",\"@id\":\"https:\/\/pregoncriollo.cl\/index.php\/galeria\/#breadcrumb\",\"itemListElement\":[{\"@type\":\"ListItem\",\"position\":1,\"name\":\"Portada\",\"item\":\"https:\/\/pregoncriollo.cl\/\"},{\"@type\":\"ListItem\",\"position\":2,\"name\":\"Galer\u00eda\"}]},{\"@type\":\"WebSite\",\"@id\":\"https:\/\/pregoncriollo.cl\/#website\",\"url\":\"https:\/\/pregoncriollo.cl\/\",\"name\":\"Grupo Folcl\u00f3rico Preg\u00f3n Criollo\",\"description\":\"Sitio web oficial del Grupo Folcl\u00f3rico Preg\u00f3n Criollo\",\"publisher\":{\"@id\":\"https:\/\/pregoncriollo.cl\/#organization\"},\"potentialAction\":[{\"@type\":\"SearchAction\",\"target\":{\"@type\":\"EntryPoint\",\"urlTemplate\":\"https:\/\/pregoncriollo.cl\/?s={search_term_string}\"},\"query-input\":{\"@type\":\"PropertyValueSpecification\",\"valueRequired\":true,\"valueName\":\"search_term_string\"}}],\"inLanguage\":\"es-CL\"},{\"@type\":\"Organization\",\"@id\":\"https:\/\/pregoncriollo.cl\/#organization\",\"name\":\"Grupo Folcl\u00f3rico Preg\u00f3n Criollo\",\"url\":\"https:\/\/pregoncriollo.cl\/\",\"logo\":{\"@type\":\"ImageObject\",\"inLanguage\":\"es-CL\",\"@id\":\"https:\/\/pregoncriollo.cl\/#\/schema\/logo\/image\/\",\"url\":\"https:\/\/pregoncriollo.cl\/wp-content\/uploads\/2025\/10\/logo-pregon-webp.webp\",\"contentUrl\":\"https:\/\/pregoncriollo.cl\/wp-content\/uploads\/2025\/10\/logo-pregon-webp.webp\",\"width\":336,\"height\":120,\"caption\":\"Grupo Folcl\u00f3rico Preg\u00f3n Criollo\"},\"image\":{\"@id\":\"https:\/\/pregoncriollo.cl\/#\/schema\/logo\/image\/\"},\"sameAs\":[\"https:\/\/www.facebook.com\/PregonCriolloChile\/\",\"https:\/\/www.youtube.com\/channel\/UCv3UXkirClyHXugJfcCfDgg\",\"https:\/\/www.instagram.com\/pregoncriollo\/\"]}]}<\/script>\n<!-- \/ Yoast SEO plugin. -->","yoast_head_json":{"title":"Galer\u00eda - Grupo Folcl\u00f3rico Preg\u00f3n Criollo","robots":{"index":"index","follow":"follow","max-snippet":"max-snippet:-1","max-image-preview":"max-image-preview:large","max-video-preview":"max-video-preview:-1"},"canonical":"https:\/\/pregoncriollo.cl\/index.php\/galeria\/","og_locale":"es_ES","og_type":"article","og_title":"Galer\u00eda - Grupo Folcl\u00f3rico Preg\u00f3n Criollo","og_url":"https:\/\/pregoncriollo.cl\/index.php\/galeria\/","og_site_name":"Grupo Folcl\u00f3rico Preg\u00f3n Criollo","article_publisher":"https:\/\/www.facebook.com\/PregonCriolloChile\/","article_modified_time":"2025-10-19T19:59:58+00:00","og_image":[{"url":"https:\/\/pregoncriollo.cl\/wp-content\/uploads\/2025\/10\/c_portada3_webp-1024x666.webp","type":"","width":"","height":""}],"twitter_card":"summary_large_image","twitter_misc":{"Tiempo estimado de lectura":"2 minutos"},"schema":{"@context":"https:\/\/schema.org","@graph":[{"@type":"WebPage","@id":"https:\/\/pregoncriollo.cl\/index.php\/galeria\/","url":"https:\/\/pregoncriollo.cl\/index.php\/galeria\/","name":"Galer\u00eda - Grupo Folcl\u00f3rico Preg\u00f3n Criollo","isPartOf":{"@id":"https:\/\/pregoncriollo.cl\/#website"},"primaryImageOfPage":{"@id":"https:\/\/pregoncriollo.cl\/index.php\/galeria\/#primaryimage"},"image":{"@id":"https:\/\/pregoncriollo.cl\/index.php\/galeria\/#primaryimage"},"thumbnailUrl":"https:\/\/pregoncriollo.cl\/wp-content\/uploads\/2025\/10\/c_portada3_webp-1024x666.webp","datePublished":"2025-10-01T16:09:02+00:00","dateModified":"2025-10-19T19:59:58+00:00","breadcrumb":{"@id":"https:\/\/pregoncriollo.cl\/index.php\/galeria\/#breadcrumb"},"inLanguage":"es-CL","potentialAction":[{"@type":"ReadAction","target":["https:\/\/pregoncriollo.cl\/index.php\/galeria\/"]}]},{"@type":"ImageObject","inLanguage":"es-CL","@id":"https:\/\/pregoncriollo.cl\/index.php\/galeria\/#primaryimage","url":"https:\/\/pregoncriollo.cl\/wp-content\/uploads\/2025\/10\/c_portada3_webp.webp","contentUrl":"https:\/\/pregoncriollo.cl\/wp-content\/uploads\/2025\/10\/c_portada3_webp.webp","width":1600,"height":1041},{"@type":"BreadcrumbList","@id":"https:\/\/pregoncriollo.cl\/index.php\/galeria\/#breadcrumb","itemListElement":[{"@type":"ListItem","position":1,"name":"Portada","item":"https:\/\/pregoncriollo.cl\/"},{"@type":"ListItem","position":2,"name":"Galer\u00eda"}]},{"@type":"WebSite","@id":"https:\/\/pregoncriollo.cl\/#website","url":"https:\/\/pregoncriollo.cl\/","name":"Grupo Folcl\u00f3rico Preg\u00f3n Criollo","description":"Sitio web oficial del Grupo Folcl\u00f3rico Preg\u00f3n Criollo","publisher":{"@id":"https:\/\/pregoncriollo.cl\/#organization"},"potentialAction":[{"@type":"SearchAction","target":{"@type":"EntryPoint","urlTemplate":"https:\/\/pregoncriollo.cl\/?s={search_term_string}"},"query-input":{"@type":"PropertyValueSpecification","valueRequired":true,"valueName":"search_term_string"}}],"inLanguage":"es-CL"},{"@type":"Organization","@id":"https:\/\/pregoncriollo.cl\/#organization","name":"Grupo Folcl\u00f3rico Preg\u00f3n Criollo","url":"https:\/\/pregoncriollo.cl\/","logo":{"@type":"ImageObject","inLanguage":"es-CL","@id":"https:\/\/pregoncriollo.cl\/#\/schema\/logo\/image\/","url":"https:\/\/pregoncriollo.cl\/wp-content\/uploads\/2025\/10\/logo-pregon-webp.webp","contentUrl":"https:\/\/pregoncriollo.cl\/wp-content\/uploads\/2025\/10\/logo-pregon-webp.webp","width":336,"height":120,"caption":"Grupo Folcl\u00f3rico Preg\u00f3n Criollo"},"image":{"@id":"https:\/\/pregoncriollo.cl\/#\/schema\/logo\/image\/"},"sameAs":["https:\/\/www.facebook.com\/PregonCriolloChile\/","https:\/\/www.youtube.com\/channel\/UCv3UXkirClyHXugJfcCfDgg","https:\/\/www.instagram.com\/pregoncriollo\/"]}]}},"_links":{"self":[{"href":"https:\/\/pregoncriollo.cl\/index.php\/wp-json\/wp\/v2\/pages\/39","targetHints":{"allow":["GET"]}}],"collection":[{"href":"https:\/\/pregoncriollo.cl\/index.php\/wp-json\/wp\/v2\/pages"}],"about":[{"href":"https:\/\/pregoncriollo.cl\/index.php\/wp-json\/wp\/v2\/types\/page"}],"author":[{"embeddable":true,"href":"https:\/\/pregoncriollo.cl\/index.php\/wp-json\/wp\/v2\/users\/1"}],"replies":[{"embeddable":true,"href":"https:\/\/pregoncriollo.cl\/index.php\/wp-json\/wp\/v2\/comments?post=39"}],"version-history":[{"count":21,"href":"https:\/\/pregoncriollo.cl\/index.php\/wp-json\/wp\/v2\/pages\/39\/revisions"}],"predecessor-version":[{"id":555,"href":"https:\/\/pregoncriollo.cl\/index.php\/wp-json\/wp\/v2\/pages\/39\/revisions\/555"}],"wp:attachment":[{"href":"https:\/\/pregoncriollo.cl\/index.php\/wp-json\/wp\/v2\/media?parent=39"}],"curies":[{"name":"wp","href":"https:\/\/api.w.org\/{rel}","templated":true}]}}