{"id":380,"date":"2025-10-16T22:16:20","date_gmt":"2025-10-17T01:16:20","guid":{"rendered":"https:\/\/pregoncriollo.cl\/?page_id=380"},"modified":"2025-10-21T21:52:16","modified_gmt":"2025-10-22T00:52:16","slug":"audiciones","status":"publish","type":"page","link":"https:\/\/pregoncriollo.cl\/index.php\/audiciones\/","title":{"rendered":"Audiciones"},"content":{"rendered":"\n<div class=\"wp-block-columns decoracion_imagen is-layout-flex wp-container-core-columns-is-layout-9d6595d7 wp-block-columns-is-layout-flex\">\n<div class=\"wp-block-column is-layout-flow wp-block-column-is-layout-flow\">\n<p class=\"justificar\">\u201cPreg\u00f3n Criollo\u201d, anualmente o cuando la direcci\u00f3n Art\u00edstica lo estima conveniente, se llama a convocatoria para el elenco que lo requiera (baile o musical), con la finalidad de potenciar o renovarse con nuevos integrantes.<\/p>\n<\/div>\n\n\n\n<div class=\"wp-block-column is-layout-flow wp-block-column-is-layout-flow\"><div class=\"wp-block-image decoracion_imagen\">\n<figure class=\"aligncenter size-medium\"><img loading=\"lazy\" decoding=\"async\" width=\"240\" height=\"300\" src=\"https:\/\/pregoncriollo.cl\/wp-content\/uploads\/2025\/10\/Afiche-Audiciones_webp-240x300.webp\" alt=\"\" class=\"wp-image-921\" srcset=\"https:\/\/pregoncriollo.cl\/wp-content\/uploads\/2025\/10\/Afiche-Audiciones_webp-240x300.webp 240w, https:\/\/pregoncriollo.cl\/wp-content\/uploads\/2025\/10\/Afiche-Audiciones_webp-819x1024.webp 819w, https:\/\/pregoncriollo.cl\/wp-content\/uploads\/2025\/10\/Afiche-Audiciones_webp-768x960.webp 768w, https:\/\/pregoncriollo.cl\/wp-content\/uploads\/2025\/10\/Afiche-Audiciones_webp.webp 1080w\" sizes=\"auto, (max-width: 240px) 100vw, 240px\" \/><\/figure><\/div><\/div>\n<\/div>\n\n\n\n<div style=\"height:40px\" aria-hidden=\"true\" class=\"wp-block-spacer\"><\/div>\n\n\n\n<div class=\"wp-block-buttons is-layout-flex wp-block-buttons-is-layout-flex\">\n<div class=\"wp-block-button is-style-fill\"><a class=\"wp-block-button__link wp-element-button\" href=\"https:\/\/pregoncriollo.cl\/\">Portada<\/a><\/div>\n\n\n\n<div class=\"wp-block-button is-style-fill\"><a class=\"wp-block-button__link wp-element-button\" href=\"https:\/\/pregoncriollo.cl\/index.php\/galeria\/\">Volver a Galer\u00eda<\/a><\/div>\n<\/div>\n","protected":false},"excerpt":{"rendered":"<p>\u201cPreg\u00f3n Criollo\u201d, anualmente o cuando la direcci\u00f3n Art\u00edstica lo estima conveniente, se llama a convocatoria para el elenco que lo requiera (baile o musical), con la finalidad de potenciar o renovarse con nuevos integrantes.<\/p>\n","protected":false},"author":1,"featured_media":0,"parent":0,"menu_order":15,"comment_status":"closed","ping_status":"closed","template":"","meta":{"footnotes":""},"class_list":["post-380","page","type-page","status-publish"],"yoast_head":"<!-- This site is optimized with the Yoast SEO plugin v27.2 - https:\/\/yoast.com\/product\/yoast-seo-wordpress\/ -->\n<title>Audiciones - Grupo Folcl\u00f3rico Preg\u00f3n Criollo<\/title>\n<meta name=\"robots\" content=\"index, follow, max-snippet:-1, max-image-preview:large, max-video-preview:-1\" \/>\n<link rel=\"canonical\" href=\"https:\/\/pregoncriollo.cl\/index.php\/audiciones\/\" \/>\n<meta property=\"og:locale\" content=\"es_ES\" \/>\n<meta property=\"og:type\" content=\"article\" \/>\n<meta property=\"og:title\" content=\"Audiciones - Grupo Folcl\u00f3rico Preg\u00f3n Criollo\" \/>\n<meta property=\"og:description\" content=\"\u201cPreg\u00f3n Criollo\u201d, anualmente o cuando la direcci\u00f3n Art\u00edstica lo estima conveniente, se llama a convocatoria para el elenco que lo requiera (baile o musical), con la finalidad de potenciar o renovarse con nuevos integrantes.\" \/>\n<meta property=\"og:url\" content=\"https:\/\/pregoncriollo.cl\/index.php\/audiciones\/\" \/>\n<meta property=\"og:site_name\" content=\"Grupo Folcl\u00f3rico Preg\u00f3n Criollo\" \/>\n<meta property=\"article:publisher\" content=\"https:\/\/www.facebook.com\/PregonCriolloChile\/\" \/>\n<meta property=\"article:modified_time\" content=\"2025-10-22T00:52:16+00:00\" \/>\n<meta property=\"og:image\" content=\"https:\/\/pregoncriollo.cl\/wp-content\/uploads\/2025\/10\/Afiche-Audiciones_webp-240x300.webp\" \/>\n<meta name=\"twitter:card\" content=\"summary_large_image\" \/>\n<meta name=\"twitter:label1\" content=\"Tiempo estimado de lectura\" \/>\n\t<meta name=\"twitter:data1\" content=\"1 minuto\" \/>\n<script type=\"application\/ld+json\" class=\"yoast-schema-graph\">{\"@context\":\"https:\/\/schema.org\",\"@graph\":[{\"@type\":\"WebPage\",\"@id\":\"https:\/\/pregoncriollo.cl\/index.php\/audiciones\/\",\"url\":\"https:\/\/pregoncriollo.cl\/index.php\/audiciones\/\",\"name\":\"Audiciones - Grupo Folcl\u00f3rico Preg\u00f3n Criollo\",\"isPartOf\":{\"@id\":\"https:\/\/pregoncriollo.cl\/#website\"},\"primaryImageOfPage\":{\"@id\":\"https:\/\/pregoncriollo.cl\/index.php\/audiciones\/#primaryimage\"},\"image\":{\"@id\":\"https:\/\/pregoncriollo.cl\/index.php\/audiciones\/#primaryimage\"},\"thumbnailUrl\":\"https:\/\/pregoncriollo.cl\/wp-content\/uploads\/2025\/10\/Afiche-Audiciones_webp-240x300.webp\",\"datePublished\":\"2025-10-17T01:16:20+00:00\",\"dateModified\":\"2025-10-22T00:52:16+00:00\",\"breadcrumb\":{\"@id\":\"https:\/\/pregoncriollo.cl\/index.php\/audiciones\/#breadcrumb\"},\"inLanguage\":\"es-CL\",\"potentialAction\":[{\"@type\":\"ReadAction\",\"target\":[\"https:\/\/pregoncriollo.cl\/index.php\/audiciones\/\"]}]},{\"@type\":\"ImageObject\",\"inLanguage\":\"es-CL\",\"@id\":\"https:\/\/pregoncriollo.cl\/index.php\/audiciones\/#primaryimage\",\"url\":\"https:\/\/pregoncriollo.cl\/wp-content\/uploads\/2025\/10\/Afiche-Audiciones_webp.webp\",\"contentUrl\":\"https:\/\/pregoncriollo.cl\/wp-content\/uploads\/2025\/10\/Afiche-Audiciones_webp.webp\",\"width\":1080,\"height\":1350},{\"@type\":\"BreadcrumbList\",\"@id\":\"https:\/\/pregoncriollo.cl\/index.php\/audiciones\/#breadcrumb\",\"itemListElement\":[{\"@type\":\"ListItem\",\"position\":1,\"name\":\"Portada\",\"item\":\"https:\/\/pregoncriollo.cl\/\"},{\"@type\":\"ListItem\",\"position\":2,\"name\":\"Audiciones\"}]},{\"@type\":\"WebSite\",\"@id\":\"https:\/\/pregoncriollo.cl\/#website\",\"url\":\"https:\/\/pregoncriollo.cl\/\",\"name\":\"Grupo Folcl\u00f3rico Preg\u00f3n Criollo\",\"description\":\"Sitio web oficial del Grupo Folcl\u00f3rico Preg\u00f3n Criollo\",\"publisher\":{\"@id\":\"https:\/\/pregoncriollo.cl\/#organization\"},\"potentialAction\":[{\"@type\":\"SearchAction\",\"target\":{\"@type\":\"EntryPoint\",\"urlTemplate\":\"https:\/\/pregoncriollo.cl\/?s={search_term_string}\"},\"query-input\":{\"@type\":\"PropertyValueSpecification\",\"valueRequired\":true,\"valueName\":\"search_term_string\"}}],\"inLanguage\":\"es-CL\"},{\"@type\":\"Organization\",\"@id\":\"https:\/\/pregoncriollo.cl\/#organization\",\"name\":\"Grupo Folcl\u00f3rico Preg\u00f3n Criollo\",\"url\":\"https:\/\/pregoncriollo.cl\/\",\"logo\":{\"@type\":\"ImageObject\",\"inLanguage\":\"es-CL\",\"@id\":\"https:\/\/pregoncriollo.cl\/#\/schema\/logo\/image\/\",\"url\":\"https:\/\/pregoncriollo.cl\/wp-content\/uploads\/2025\/10\/logo-pregon-webp.webp\",\"contentUrl\":\"https:\/\/pregoncriollo.cl\/wp-content\/uploads\/2025\/10\/logo-pregon-webp.webp\",\"width\":336,\"height\":120,\"caption\":\"Grupo Folcl\u00f3rico Preg\u00f3n Criollo\"},\"image\":{\"@id\":\"https:\/\/pregoncriollo.cl\/#\/schema\/logo\/image\/\"},\"sameAs\":[\"https:\/\/www.facebook.com\/PregonCriolloChile\/\",\"https:\/\/www.youtube.com\/channel\/UCv3UXkirClyHXugJfcCfDgg\",\"https:\/\/www.instagram.com\/pregoncriollo\/\"]}]}<\/script>\n<!-- \/ Yoast SEO plugin. -->","yoast_head_json":{"title":"Audiciones - Grupo Folcl\u00f3rico Preg\u00f3n Criollo","robots":{"index":"index","follow":"follow","max-snippet":"max-snippet:-1","max-image-preview":"max-image-preview:large","max-video-preview":"max-video-preview:-1"},"canonical":"https:\/\/pregoncriollo.cl\/index.php\/audiciones\/","og_locale":"es_ES","og_type":"article","og_title":"Audiciones - Grupo Folcl\u00f3rico Preg\u00f3n Criollo","og_description":"\u201cPreg\u00f3n Criollo\u201d, anualmente o cuando la direcci\u00f3n Art\u00edstica lo estima conveniente, se llama a convocatoria para el elenco que lo requiera (baile o musical), con la finalidad de potenciar o renovarse con nuevos integrantes.","og_url":"https:\/\/pregoncriollo.cl\/index.php\/audiciones\/","og_site_name":"Grupo Folcl\u00f3rico Preg\u00f3n Criollo","article_publisher":"https:\/\/www.facebook.com\/PregonCriolloChile\/","article_modified_time":"2025-10-22T00:52:16+00:00","og_image":[{"url":"https:\/\/pregoncriollo.cl\/wp-content\/uploads\/2025\/10\/Afiche-Audiciones_webp-240x300.webp","type":"","width":"","height":""}],"twitter_card":"summary_large_image","twitter_misc":{"Tiempo estimado de lectura":"1 minuto"},"schema":{"@context":"https:\/\/schema.org","@graph":[{"@type":"WebPage","@id":"https:\/\/pregoncriollo.cl\/index.php\/audiciones\/","url":"https:\/\/pregoncriollo.cl\/index.php\/audiciones\/","name":"Audiciones - Grupo Folcl\u00f3rico Preg\u00f3n Criollo","isPartOf":{"@id":"https:\/\/pregoncriollo.cl\/#website"},"primaryImageOfPage":{"@id":"https:\/\/pregoncriollo.cl\/index.php\/audiciones\/#primaryimage"},"image":{"@id":"https:\/\/pregoncriollo.cl\/index.php\/audiciones\/#primaryimage"},"thumbnailUrl":"https:\/\/pregoncriollo.cl\/wp-content\/uploads\/2025\/10\/Afiche-Audiciones_webp-240x300.webp","datePublished":"2025-10-17T01:16:20+00:00","dateModified":"2025-10-22T00:52:16+00:00","breadcrumb":{"@id":"https:\/\/pregoncriollo.cl\/index.php\/audiciones\/#breadcrumb"},"inLanguage":"es-CL","potentialAction":[{"@type":"ReadAction","target":["https:\/\/pregoncriollo.cl\/index.php\/audiciones\/"]}]},{"@type":"ImageObject","inLanguage":"es-CL","@id":"https:\/\/pregoncriollo.cl\/index.php\/audiciones\/#primaryimage","url":"https:\/\/pregoncriollo.cl\/wp-content\/uploads\/2025\/10\/Afiche-Audiciones_webp.webp","contentUrl":"https:\/\/pregoncriollo.cl\/wp-content\/uploads\/2025\/10\/Afiche-Audiciones_webp.webp","width":1080,"height":1350},{"@type":"BreadcrumbList","@id":"https:\/\/pregoncriollo.cl\/index.php\/audiciones\/#breadcrumb","itemListElement":[{"@type":"ListItem","position":1,"name":"Portada","item":"https:\/\/pregoncriollo.cl\/"},{"@type":"ListItem","position":2,"name":"Audiciones"}]},{"@type":"WebSite","@id":"https:\/\/pregoncriollo.cl\/#website","url":"https:\/\/pregoncriollo.cl\/","name":"Grupo Folcl\u00f3rico Preg\u00f3n Criollo","description":"Sitio web oficial del Grupo Folcl\u00f3rico Preg\u00f3n Criollo","publisher":{"@id":"https:\/\/pregoncriollo.cl\/#organization"},"potentialAction":[{"@type":"SearchAction","target":{"@type":"EntryPoint","urlTemplate":"https:\/\/pregoncriollo.cl\/?s={search_term_string}"},"query-input":{"@type":"PropertyValueSpecification","valueRequired":true,"valueName":"search_term_string"}}],"inLanguage":"es-CL"},{"@type":"Organization","@id":"https:\/\/pregoncriollo.cl\/#organization","name":"Grupo Folcl\u00f3rico Preg\u00f3n Criollo","url":"https:\/\/pregoncriollo.cl\/","logo":{"@type":"ImageObject","inLanguage":"es-CL","@id":"https:\/\/pregoncriollo.cl\/#\/schema\/logo\/image\/","url":"https:\/\/pregoncriollo.cl\/wp-content\/uploads\/2025\/10\/logo-pregon-webp.webp","contentUrl":"https:\/\/pregoncriollo.cl\/wp-content\/uploads\/2025\/10\/logo-pregon-webp.webp","width":336,"height":120,"caption":"Grupo Folcl\u00f3rico Preg\u00f3n Criollo"},"image":{"@id":"https:\/\/pregoncriollo.cl\/#\/schema\/logo\/image\/"},"sameAs":["https:\/\/www.facebook.com\/PregonCriolloChile\/","https:\/\/www.youtube.com\/channel\/UCv3UXkirClyHXugJfcCfDgg","https:\/\/www.instagram.com\/pregoncriollo\/"]}]}},"_links":{"self":[{"href":"https:\/\/pregoncriollo.cl\/index.php\/wp-json\/wp\/v2\/pages\/380","targetHints":{"allow":["GET"]}}],"collection":[{"href":"https:\/\/pregoncriollo.cl\/index.php\/wp-json\/wp\/v2\/pages"}],"about":[{"href":"https:\/\/pregoncriollo.cl\/index.php\/wp-json\/wp\/v2\/types\/page"}],"author":[{"embeddable":true,"href":"https:\/\/pregoncriollo.cl\/index.php\/wp-json\/wp\/v2\/users\/1"}],"replies":[{"embeddable":true,"href":"https:\/\/pregoncriollo.cl\/index.php\/wp-json\/wp\/v2\/comments?post=380"}],"version-history":[{"count":6,"href":"https:\/\/pregoncriollo.cl\/index.php\/wp-json\/wp\/v2\/pages\/380\/revisions"}],"predecessor-version":[{"id":961,"href":"https:\/\/pregoncriollo.cl\/index.php\/wp-json\/wp\/v2\/pages\/380\/revisions\/961"}],"wp:attachment":[{"href":"https:\/\/pregoncriollo.cl\/index.php\/wp-json\/wp\/v2\/media?parent=380"}],"curies":[{"name":"wp","href":"https:\/\/api.w.org\/{rel}","templated":true}]}}