{"id":35,"date":"2025-10-01T13:07:07","date_gmt":"2025-10-01T16:07:07","guid":{"rendered":"https:\/\/pregoncriollo.cl\/?page_id=35"},"modified":"2025-10-16T22:06:13","modified_gmt":"2025-10-17T01:06:13","slug":"elencos","status":"publish","type":"page","link":"https:\/\/pregoncriollo.cl\/index.php\/elencos\/","title":{"rendered":"Elencos"},"content":{"rendered":"\n<div class=\"wp-block-columns is-layout-flex wp-container-core-columns-is-layout-9d6595d7 wp-block-columns-is-layout-flex\">\n<div class=\"wp-block-column is-layout-flow wp-block-column-is-layout-flow\">\n<p><strong>M\u00fasicos<br><\/strong>Patricia Trujillo Morales (QEPD)<br>Claudia S\u00e1ez Hormaz\u00e1bal<br>Marta Ramos Ibarra<br>Lorena Tapia Manquilef<br>Sally Salvo Quiroz<br>Camilo Isea Weishaupt<br>Ren\u00e9 Matamala Riquelme<br>Eleodoro Salas Carrasco<br>Enrique Garrido Segovia<br>Jorge Feliu Escobar<br>Felipe Urra Sever\u00edn<br>Mart\u00edn Guti\u00e9rrez Becar<\/p>\n<\/div>\n\n\n\n<div class=\"wp-block-column is-layout-flow wp-block-column-is-layout-flow\">\n<figure class=\"wp-block-image size-full\"><img loading=\"lazy\" decoding=\"async\" width=\"384\" height=\"384\" src=\"https:\/\/pregoncriollo.cl\/wp-content\/uploads\/2025\/10\/bailarines-pregon.webp\" alt=\"\" class=\"wp-image-366\" srcset=\"https:\/\/pregoncriollo.cl\/wp-content\/uploads\/2025\/10\/bailarines-pregon.webp 384w, https:\/\/pregoncriollo.cl\/wp-content\/uploads\/2025\/10\/bailarines-pregon-300x300.webp 300w, https:\/\/pregoncriollo.cl\/wp-content\/uploads\/2025\/10\/bailarines-pregon-150x150.webp 150w\" sizes=\"auto, (max-width: 384px) 100vw, 384px\" \/><\/figure>\n<\/div>\n\n\n\n<div class=\"wp-block-column is-layout-flow wp-block-column-is-layout-flow\">\n<p><strong>Bailarines<\/strong><br>Marlene Alarc\u00f3n Trujillo<br>Lorena Zapata Fuentes<br>Fanny Poblete Vargas<br>Orianne Aranda Zamora<br>Paloma Castro Figueroa<br>Marcela S\u00e1nchez Rivera<br>Savka Franco R\u00edos<br>Claudia Mella Araya<br>Mar\u00eda Jaramillo Jaramillo<br>Francisca Guti\u00e9rrez Vargas<br>Elizabeth Lazcano Fern\u00e1ndez<br>Amanda P\u00e9rez Gonz\u00e1lez<br>Ayleen Villagran Oyarce<br>Franco Montero Vega<br>Alejandro Frangini Salvo<br>Patricio Libuy Bustamante<br>Patricio Contreras Pardo<br>Lucas Ru\u00edz Garrido<br>Javier Romero Mella<br>Jaime Montecinos M\u00e9ndez<br>Claudio Mu\u00f1oz Julio<br>Juan A\u00f1azco Millar<\/p>\n<\/div>\n<\/div>\n\n\n\n<div class=\"wp-block-columns is-layout-flex wp-container-core-columns-is-layout-9d6595d7 wp-block-columns-is-layout-flex\">\n<div class=\"wp-block-column is-layout-flow wp-block-column-is-layout-flow\"><\/div>\n\n\n\n<div class=\"wp-block-column is-layout-flow wp-block-column-is-layout-flow\">\n<p><strong>Dise\u00f1o y Vestuario<\/strong><br>Rosa Elena Alvares<\/p>\n\n\n\n<p><strong>Comunicaciones y Social Media<\/strong><br>Francisca Guti\u00e9rrez Vargas<br>Marcela S\u00e1nchez Rivera<\/p>\n\n\n\n<p><strong>Web<\/strong><br>Patricio Contreras Pardo<\/p>\n<\/div>\n\n\n\n<div class=\"wp-block-column is-layout-flow wp-block-column-is-layout-flow\"><\/div>\n<\/div>\n\n\n\n<div style=\"height:40px\" aria-hidden=\"true\" class=\"wp-block-spacer\"><\/div>\n\n\n\n<div class=\"wp-block-buttons is-layout-flex wp-block-buttons-is-layout-flex\">\n<div class=\"wp-block-button is-style-fill\"><a class=\"wp-block-button__link wp-element-button\" href=\"https:\/\/pregoncriollo.cl\/\">Portada<\/a><\/div>\n<\/div>\n","protected":false},"excerpt":{"rendered":"<p>M\u00fasicosPatricia Trujillo Morales (QEPD)Claudia S\u00e1ez Hormaz\u00e1balMarta Ramos IbarraLorena Tapia ManquilefSally Salvo QuirozCamilo Isea WeishauptRen\u00e9 Matamala RiquelmeEleodoro Salas CarrascoEnrique Garrido SegoviaJorge Feliu EscobarFelipe Urra Sever\u00ednMart\u00edn Guti\u00e9rrez Becar BailarinesMarlene Alarc\u00f3n TrujilloLorena Zapata FuentesFanny Poblete VargasOrianne Aranda ZamoraPaloma Castro FigueroaMarcela S\u00e1nchez RiveraSavka Franco R\u00edosClaudia Mella ArayaMar\u00eda Jaramillo JaramilloFrancisca Guti\u00e9rrez VargasElizabeth Lazcano Fern\u00e1ndezAmanda P\u00e9rez Gonz\u00e1lezAyleen Villagran OyarceFranco Montero VegaAlejandro &#8230; <a title=\"Elencos\" class=\"read-more\" href=\"https:\/\/pregoncriollo.cl\/index.php\/elencos\/\" aria-label=\"Leer m\u00e1s sobre Elencos\">Leer m\u00e1s<\/a><\/p>\n","protected":false},"author":1,"featured_media":0,"parent":0,"menu_order":6,"comment_status":"closed","ping_status":"closed","template":"","meta":{"footnotes":""},"class_list":["post-35","page","type-page","status-publish"],"yoast_head":"<!-- This site is optimized with the Yoast SEO plugin v27.2 - https:\/\/yoast.com\/product\/yoast-seo-wordpress\/ -->\n<title>Elencos - Grupo Folcl\u00f3rico Preg\u00f3n Criollo<\/title>\n<meta name=\"robots\" content=\"index, follow, max-snippet:-1, max-image-preview:large, max-video-preview:-1\" \/>\n<link rel=\"canonical\" href=\"https:\/\/pregoncriollo.cl\/index.php\/elencos\/\" \/>\n<meta property=\"og:locale\" content=\"es_ES\" \/>\n<meta property=\"og:type\" content=\"article\" \/>\n<meta property=\"og:title\" content=\"Elencos - Grupo Folcl\u00f3rico Preg\u00f3n Criollo\" \/>\n<meta property=\"og:description\" content=\"M\u00fasicosPatricia Trujillo Morales (QEPD)Claudia S\u00e1ez Hormaz\u00e1balMarta Ramos IbarraLorena Tapia ManquilefSally Salvo QuirozCamilo Isea WeishauptRen\u00e9 Matamala RiquelmeEleodoro Salas CarrascoEnrique Garrido SegoviaJorge Feliu EscobarFelipe Urra Sever\u00ednMart\u00edn Guti\u00e9rrez Becar BailarinesMarlene Alarc\u00f3n TrujilloLorena Zapata FuentesFanny Poblete VargasOrianne Aranda ZamoraPaloma Castro FigueroaMarcela S\u00e1nchez RiveraSavka Franco R\u00edosClaudia Mella ArayaMar\u00eda Jaramillo JaramilloFrancisca Guti\u00e9rrez VargasElizabeth Lazcano Fern\u00e1ndezAmanda P\u00e9rez Gonz\u00e1lezAyleen Villagran OyarceFranco Montero VegaAlejandro ... Leer m\u00e1s\" \/>\n<meta property=\"og:url\" content=\"https:\/\/pregoncriollo.cl\/index.php\/elencos\/\" \/>\n<meta property=\"og:site_name\" content=\"Grupo Folcl\u00f3rico Preg\u00f3n Criollo\" \/>\n<meta property=\"article:publisher\" content=\"https:\/\/www.facebook.com\/PregonCriolloChile\/\" \/>\n<meta property=\"article:modified_time\" content=\"2025-10-17T01:06:13+00:00\" \/>\n<meta property=\"og:image\" content=\"https:\/\/pregoncriollo.cl\/wp-content\/uploads\/2025\/10\/bailarines-pregon.webp\" \/>\n<meta name=\"twitter:card\" content=\"summary_large_image\" \/>\n<meta name=\"twitter:label1\" content=\"Tiempo estimado de lectura\" \/>\n\t<meta name=\"twitter:data1\" content=\"1 minuto\" \/>\n<script type=\"application\/ld+json\" class=\"yoast-schema-graph\">{\"@context\":\"https:\/\/schema.org\",\"@graph\":[{\"@type\":\"WebPage\",\"@id\":\"https:\/\/pregoncriollo.cl\/index.php\/elencos\/\",\"url\":\"https:\/\/pregoncriollo.cl\/index.php\/elencos\/\",\"name\":\"Elencos - Grupo Folcl\u00f3rico Preg\u00f3n Criollo\",\"isPartOf\":{\"@id\":\"https:\/\/pregoncriollo.cl\/#website\"},\"primaryImageOfPage\":{\"@id\":\"https:\/\/pregoncriollo.cl\/index.php\/elencos\/#primaryimage\"},\"image\":{\"@id\":\"https:\/\/pregoncriollo.cl\/index.php\/elencos\/#primaryimage\"},\"thumbnailUrl\":\"https:\/\/pregoncriollo.cl\/wp-content\/uploads\/2025\/10\/bailarines-pregon.webp\",\"datePublished\":\"2025-10-01T16:07:07+00:00\",\"dateModified\":\"2025-10-17T01:06:13+00:00\",\"breadcrumb\":{\"@id\":\"https:\/\/pregoncriollo.cl\/index.php\/elencos\/#breadcrumb\"},\"inLanguage\":\"es-CL\",\"potentialAction\":[{\"@type\":\"ReadAction\",\"target\":[\"https:\/\/pregoncriollo.cl\/index.php\/elencos\/\"]}]},{\"@type\":\"ImageObject\",\"inLanguage\":\"es-CL\",\"@id\":\"https:\/\/pregoncriollo.cl\/index.php\/elencos\/#primaryimage\",\"url\":\"https:\/\/pregoncriollo.cl\/wp-content\/uploads\/2025\/10\/bailarines-pregon.webp\",\"contentUrl\":\"https:\/\/pregoncriollo.cl\/wp-content\/uploads\/2025\/10\/bailarines-pregon.webp\",\"width\":384,\"height\":384},{\"@type\":\"BreadcrumbList\",\"@id\":\"https:\/\/pregoncriollo.cl\/index.php\/elencos\/#breadcrumb\",\"itemListElement\":[{\"@type\":\"ListItem\",\"position\":1,\"name\":\"Portada\",\"item\":\"https:\/\/pregoncriollo.cl\/\"},{\"@type\":\"ListItem\",\"position\":2,\"name\":\"Elencos\"}]},{\"@type\":\"WebSite\",\"@id\":\"https:\/\/pregoncriollo.cl\/#website\",\"url\":\"https:\/\/pregoncriollo.cl\/\",\"name\":\"Grupo Folcl\u00f3rico Preg\u00f3n Criollo\",\"description\":\"Sitio web oficial del Grupo Folcl\u00f3rico Preg\u00f3n Criollo\",\"publisher\":{\"@id\":\"https:\/\/pregoncriollo.cl\/#organization\"},\"potentialAction\":[{\"@type\":\"SearchAction\",\"target\":{\"@type\":\"EntryPoint\",\"urlTemplate\":\"https:\/\/pregoncriollo.cl\/?s={search_term_string}\"},\"query-input\":{\"@type\":\"PropertyValueSpecification\",\"valueRequired\":true,\"valueName\":\"search_term_string\"}}],\"inLanguage\":\"es-CL\"},{\"@type\":\"Organization\",\"@id\":\"https:\/\/pregoncriollo.cl\/#organization\",\"name\":\"Grupo Folcl\u00f3rico Preg\u00f3n Criollo\",\"url\":\"https:\/\/pregoncriollo.cl\/\",\"logo\":{\"@type\":\"ImageObject\",\"inLanguage\":\"es-CL\",\"@id\":\"https:\/\/pregoncriollo.cl\/#\/schema\/logo\/image\/\",\"url\":\"https:\/\/pregoncriollo.cl\/wp-content\/uploads\/2025\/10\/logo-pregon-webp.webp\",\"contentUrl\":\"https:\/\/pregoncriollo.cl\/wp-content\/uploads\/2025\/10\/logo-pregon-webp.webp\",\"width\":336,\"height\":120,\"caption\":\"Grupo Folcl\u00f3rico Preg\u00f3n Criollo\"},\"image\":{\"@id\":\"https:\/\/pregoncriollo.cl\/#\/schema\/logo\/image\/\"},\"sameAs\":[\"https:\/\/www.facebook.com\/PregonCriolloChile\/\",\"https:\/\/www.youtube.com\/channel\/UCv3UXkirClyHXugJfcCfDgg\",\"https:\/\/www.instagram.com\/pregoncriollo\/\"]}]}<\/script>\n<!-- \/ Yoast SEO plugin. -->","yoast_head_json":{"title":"Elencos - Grupo Folcl\u00f3rico Preg\u00f3n Criollo","robots":{"index":"index","follow":"follow","max-snippet":"max-snippet:-1","max-image-preview":"max-image-preview:large","max-video-preview":"max-video-preview:-1"},"canonical":"https:\/\/pregoncriollo.cl\/index.php\/elencos\/","og_locale":"es_ES","og_type":"article","og_title":"Elencos - Grupo Folcl\u00f3rico Preg\u00f3n Criollo","og_description":"M\u00fasicosPatricia Trujillo Morales (QEPD)Claudia S\u00e1ez Hormaz\u00e1balMarta Ramos IbarraLorena Tapia ManquilefSally Salvo QuirozCamilo Isea WeishauptRen\u00e9 Matamala RiquelmeEleodoro Salas CarrascoEnrique Garrido SegoviaJorge Feliu EscobarFelipe Urra Sever\u00ednMart\u00edn Guti\u00e9rrez Becar BailarinesMarlene Alarc\u00f3n TrujilloLorena Zapata FuentesFanny Poblete VargasOrianne Aranda ZamoraPaloma Castro FigueroaMarcela S\u00e1nchez RiveraSavka Franco R\u00edosClaudia Mella ArayaMar\u00eda Jaramillo JaramilloFrancisca Guti\u00e9rrez VargasElizabeth Lazcano Fern\u00e1ndezAmanda P\u00e9rez Gonz\u00e1lezAyleen Villagran OyarceFranco Montero VegaAlejandro ... Leer m\u00e1s","og_url":"https:\/\/pregoncriollo.cl\/index.php\/elencos\/","og_site_name":"Grupo Folcl\u00f3rico Preg\u00f3n Criollo","article_publisher":"https:\/\/www.facebook.com\/PregonCriolloChile\/","article_modified_time":"2025-10-17T01:06:13+00:00","og_image":[{"url":"https:\/\/pregoncriollo.cl\/wp-content\/uploads\/2025\/10\/bailarines-pregon.webp","type":"","width":"","height":""}],"twitter_card":"summary_large_image","twitter_misc":{"Tiempo estimado de lectura":"1 minuto"},"schema":{"@context":"https:\/\/schema.org","@graph":[{"@type":"WebPage","@id":"https:\/\/pregoncriollo.cl\/index.php\/elencos\/","url":"https:\/\/pregoncriollo.cl\/index.php\/elencos\/","name":"Elencos - Grupo Folcl\u00f3rico Preg\u00f3n Criollo","isPartOf":{"@id":"https:\/\/pregoncriollo.cl\/#website"},"primaryImageOfPage":{"@id":"https:\/\/pregoncriollo.cl\/index.php\/elencos\/#primaryimage"},"image":{"@id":"https:\/\/pregoncriollo.cl\/index.php\/elencos\/#primaryimage"},"thumbnailUrl":"https:\/\/pregoncriollo.cl\/wp-content\/uploads\/2025\/10\/bailarines-pregon.webp","datePublished":"2025-10-01T16:07:07+00:00","dateModified":"2025-10-17T01:06:13+00:00","breadcrumb":{"@id":"https:\/\/pregoncriollo.cl\/index.php\/elencos\/#breadcrumb"},"inLanguage":"es-CL","potentialAction":[{"@type":"ReadAction","target":["https:\/\/pregoncriollo.cl\/index.php\/elencos\/"]}]},{"@type":"ImageObject","inLanguage":"es-CL","@id":"https:\/\/pregoncriollo.cl\/index.php\/elencos\/#primaryimage","url":"https:\/\/pregoncriollo.cl\/wp-content\/uploads\/2025\/10\/bailarines-pregon.webp","contentUrl":"https:\/\/pregoncriollo.cl\/wp-content\/uploads\/2025\/10\/bailarines-pregon.webp","width":384,"height":384},{"@type":"BreadcrumbList","@id":"https:\/\/pregoncriollo.cl\/index.php\/elencos\/#breadcrumb","itemListElement":[{"@type":"ListItem","position":1,"name":"Portada","item":"https:\/\/pregoncriollo.cl\/"},{"@type":"ListItem","position":2,"name":"Elencos"}]},{"@type":"WebSite","@id":"https:\/\/pregoncriollo.cl\/#website","url":"https:\/\/pregoncriollo.cl\/","name":"Grupo Folcl\u00f3rico Preg\u00f3n Criollo","description":"Sitio web oficial del Grupo Folcl\u00f3rico Preg\u00f3n Criollo","publisher":{"@id":"https:\/\/pregoncriollo.cl\/#organization"},"potentialAction":[{"@type":"SearchAction","target":{"@type":"EntryPoint","urlTemplate":"https:\/\/pregoncriollo.cl\/?s={search_term_string}"},"query-input":{"@type":"PropertyValueSpecification","valueRequired":true,"valueName":"search_term_string"}}],"inLanguage":"es-CL"},{"@type":"Organization","@id":"https:\/\/pregoncriollo.cl\/#organization","name":"Grupo Folcl\u00f3rico Preg\u00f3n Criollo","url":"https:\/\/pregoncriollo.cl\/","logo":{"@type":"ImageObject","inLanguage":"es-CL","@id":"https:\/\/pregoncriollo.cl\/#\/schema\/logo\/image\/","url":"https:\/\/pregoncriollo.cl\/wp-content\/uploads\/2025\/10\/logo-pregon-webp.webp","contentUrl":"https:\/\/pregoncriollo.cl\/wp-content\/uploads\/2025\/10\/logo-pregon-webp.webp","width":336,"height":120,"caption":"Grupo Folcl\u00f3rico Preg\u00f3n Criollo"},"image":{"@id":"https:\/\/pregoncriollo.cl\/#\/schema\/logo\/image\/"},"sameAs":["https:\/\/www.facebook.com\/PregonCriolloChile\/","https:\/\/www.youtube.com\/channel\/UCv3UXkirClyHXugJfcCfDgg","https:\/\/www.instagram.com\/pregoncriollo\/"]}]}},"_links":{"self":[{"href":"https:\/\/pregoncriollo.cl\/index.php\/wp-json\/wp\/v2\/pages\/35","targetHints":{"allow":["GET"]}}],"collection":[{"href":"https:\/\/pregoncriollo.cl\/index.php\/wp-json\/wp\/v2\/pages"}],"about":[{"href":"https:\/\/pregoncriollo.cl\/index.php\/wp-json\/wp\/v2\/types\/page"}],"author":[{"embeddable":true,"href":"https:\/\/pregoncriollo.cl\/index.php\/wp-json\/wp\/v2\/users\/1"}],"replies":[{"embeddable":true,"href":"https:\/\/pregoncriollo.cl\/index.php\/wp-json\/wp\/v2\/comments?post=35"}],"version-history":[{"count":10,"href":"https:\/\/pregoncriollo.cl\/index.php\/wp-json\/wp\/v2\/pages\/35\/revisions"}],"predecessor-version":[{"id":373,"href":"https:\/\/pregoncriollo.cl\/index.php\/wp-json\/wp\/v2\/pages\/35\/revisions\/373"}],"wp:attachment":[{"href":"https:\/\/pregoncriollo.cl\/index.php\/wp-json\/wp\/v2\/media?parent=35"}],"curies":[{"name":"wp","href":"https:\/\/api.w.org\/{rel}","templated":true}]}}