{"id":334,"date":"2025-10-16T19:47:41","date_gmt":"2025-10-16T22:47:41","guid":{"rendered":"https:\/\/pregoncriollo.cl\/?page_id=334"},"modified":"2025-10-21T21:43:15","modified_gmt":"2025-10-22T00:43:15","slug":"quienes-somos-2","status":"publish","type":"page","link":"https:\/\/pregoncriollo.cl\/index.php\/quienes-somos-2\/","title":{"rendered":"Qui\u00e9nes Somos"},"content":{"rendered":"\n<div class=\"wp-block-columns is-layout-flex wp-container-core-columns-is-layout-9d6595d7 wp-block-columns-is-layout-flex\">\n<div class=\"wp-block-column is-layout-flow wp-block-column-is-layout-flow\">\n<h2 class=\"wp-block-heading\">Nuestro objetivo es:<\/h2>\n\n\n\n<blockquote class=\"wp-block-quote is-layout-flow wp-block-quote-is-layout-flow\">\n<p class=\"justificar\">&#8220;Rescatar y preservar nuestro patrimonio a trav\u00e9s de las formas musicales y danc\u00edsticas de nuestro folclore nacional y latinoamericano&#8221;.<\/p>\n<\/blockquote>\n<\/div>\n\n\n\n<div class=\"wp-block-column is-layout-flow wp-block-column-is-layout-flow\">\n<h2 class=\"wp-block-heading\">Misi\u00f3n<\/h2>\n\n\n\n<blockquote class=\"wp-block-quote is-layout-flow wp-block-quote-is-layout-flow\">\n<p>\u201cContribuir y preservar nuestro patrimonio cultural, mediante la prospecci\u00f3n art\u00edstica de las formas musicales y danc\u00edsticas de nuestro folclore nacional con el fin de proyectarlas a la comunidad\u201d.<\/p>\n<\/blockquote>\n<\/div>\n\n\n\n<div class=\"wp-block-column is-layout-flow wp-block-column-is-layout-flow\">\n<h2 class=\"wp-block-heading\">Visi\u00f3n<\/h2>\n\n\n\n<blockquote class=\"wp-block-quote is-layout-flow wp-block-quote-is-layout-flow\">\n<p>&#8220;Preservar, promover y difundir nuestras ra\u00edces y tradiciones, mediante acciones culturales, art\u00edsticas y educativas con el prop\u00f3sito de acrecentar nuestras tradiciones folcl\u00f3ricas a las nuevas generaciones de Chile y el mundo\u201d.<\/p>\n<\/blockquote>\n<\/div>\n<\/div>\n\n\n<div class=\"wp-block-image decoracion_imagen\">\n<figure class=\"aligncenter size-large\"><img loading=\"lazy\" decoding=\"async\" width=\"1024\" height=\"666\" src=\"https:\/\/pregoncriollo.cl\/wp-content\/uploads\/2025\/10\/c_portada1_webp-1024x666.webp\" alt=\"\" class=\"wp-image-456\" srcset=\"https:\/\/pregoncriollo.cl\/wp-content\/uploads\/2025\/10\/c_portada1_webp-1024x666.webp 1024w, https:\/\/pregoncriollo.cl\/wp-content\/uploads\/2025\/10\/c_portada1_webp-300x195.webp 300w, https:\/\/pregoncriollo.cl\/wp-content\/uploads\/2025\/10\/c_portada1_webp-768x500.webp 768w, https:\/\/pregoncriollo.cl\/wp-content\/uploads\/2025\/10\/c_portada1_webp-1536x999.webp 1536w, https:\/\/pregoncriollo.cl\/wp-content\/uploads\/2025\/10\/c_portada1_webp.webp 1600w\" sizes=\"auto, (max-width: 1024px) 100vw, 1024px\" \/><figcaption class=\"wp-element-caption\"><em>Presentaci\u00f3n Huasos Preg\u00f3n Criollo<\/em><\/figcaption><\/figure><\/div>\n\n\n<div style=\"height:40px\" aria-hidden=\"true\" class=\"wp-block-spacer\"><\/div>\n\n\n\n<div class=\"wp-block-buttons is-layout-flex wp-block-buttons-is-layout-flex\">\n<div class=\"wp-block-button is-style-fill\"><a class=\"wp-block-button__link wp-element-button\" href=\"https:\/\/pregoncriollo.cl\/\">Portada<\/a><\/div>\n<\/div>\n","protected":false},"excerpt":{"rendered":"<p>Nuestro objetivo es: &#8220;Rescatar y preservar nuestro patrimonio a trav\u00e9s de las formas musicales y danc\u00edsticas de nuestro folclore nacional y latinoamericano&#8221;. Misi\u00f3n \u201cContribuir y preservar nuestro patrimonio cultural, mediante la prospecci\u00f3n art\u00edstica de las formas musicales y danc\u00edsticas de nuestro folclore nacional con el fin de proyectarlas a la comunidad\u201d. Visi\u00f3n &#8220;Preservar, promover y &#8230; <a title=\"Qui\u00e9nes Somos\" class=\"read-more\" href=\"https:\/\/pregoncriollo.cl\/index.php\/quienes-somos-2\/\" aria-label=\"Leer m\u00e1s sobre Qui\u00e9nes Somos\">Leer m\u00e1s<\/a><\/p>\n","protected":false},"author":1,"featured_media":0,"parent":0,"menu_order":1,"comment_status":"closed","ping_status":"closed","template":"","meta":{"footnotes":""},"class_list":["post-334","page","type-page","status-publish"],"yoast_head":"<!-- This site is optimized with the Yoast SEO plugin v27.2 - https:\/\/yoast.com\/product\/yoast-seo-wordpress\/ -->\n<title>Qui\u00e9nes Somos - Grupo Folcl\u00f3rico Preg\u00f3n Criollo<\/title>\n<meta name=\"robots\" content=\"index, follow, max-snippet:-1, max-image-preview:large, max-video-preview:-1\" \/>\n<link rel=\"canonical\" href=\"https:\/\/pregoncriollo.cl\/index.php\/quienes-somos-2\/\" \/>\n<meta property=\"og:locale\" content=\"es_ES\" \/>\n<meta property=\"og:type\" content=\"article\" \/>\n<meta property=\"og:title\" content=\"Qui\u00e9nes Somos - Grupo Folcl\u00f3rico Preg\u00f3n Criollo\" \/>\n<meta property=\"og:description\" content=\"Nuestro objetivo es: &#8220;Rescatar y preservar nuestro patrimonio a trav\u00e9s de las formas musicales y danc\u00edsticas de nuestro folclore nacional y latinoamericano&#8221;. Misi\u00f3n \u201cContribuir y preservar nuestro patrimonio cultural, mediante la prospecci\u00f3n art\u00edstica de las formas musicales y danc\u00edsticas de nuestro folclore nacional con el fin de proyectarlas a la comunidad\u201d. Visi\u00f3n &#8220;Preservar, promover y ... Leer m\u00e1s\" \/>\n<meta property=\"og:url\" content=\"https:\/\/pregoncriollo.cl\/index.php\/quienes-somos-2\/\" \/>\n<meta property=\"og:site_name\" content=\"Grupo Folcl\u00f3rico Preg\u00f3n Criollo\" \/>\n<meta property=\"article:publisher\" content=\"https:\/\/www.facebook.com\/PregonCriolloChile\/\" \/>\n<meta property=\"article:modified_time\" content=\"2025-10-22T00:43:15+00:00\" \/>\n<meta property=\"og:image\" content=\"https:\/\/pregoncriollo.cl\/wp-content\/uploads\/2025\/10\/c_portada1_webp-1024x666.webp\" \/>\n<meta name=\"twitter:card\" content=\"summary_large_image\" \/>\n<meta name=\"twitter:label1\" content=\"Tiempo estimado de lectura\" \/>\n\t<meta name=\"twitter:data1\" content=\"1 minuto\" \/>\n<script type=\"application\/ld+json\" class=\"yoast-schema-graph\">{\"@context\":\"https:\/\/schema.org\",\"@graph\":[{\"@type\":\"WebPage\",\"@id\":\"https:\/\/pregoncriollo.cl\/index.php\/quienes-somos-2\/\",\"url\":\"https:\/\/pregoncriollo.cl\/index.php\/quienes-somos-2\/\",\"name\":\"Qui\u00e9nes Somos - Grupo Folcl\u00f3rico Preg\u00f3n Criollo\",\"isPartOf\":{\"@id\":\"https:\/\/pregoncriollo.cl\/#website\"},\"primaryImageOfPage\":{\"@id\":\"https:\/\/pregoncriollo.cl\/index.php\/quienes-somos-2\/#primaryimage\"},\"image\":{\"@id\":\"https:\/\/pregoncriollo.cl\/index.php\/quienes-somos-2\/#primaryimage\"},\"thumbnailUrl\":\"https:\/\/pregoncriollo.cl\/wp-content\/uploads\/2025\/10\/c_portada1_webp-1024x666.webp\",\"datePublished\":\"2025-10-16T22:47:41+00:00\",\"dateModified\":\"2025-10-22T00:43:15+00:00\",\"breadcrumb\":{\"@id\":\"https:\/\/pregoncriollo.cl\/index.php\/quienes-somos-2\/#breadcrumb\"},\"inLanguage\":\"es-CL\",\"potentialAction\":[{\"@type\":\"ReadAction\",\"target\":[\"https:\/\/pregoncriollo.cl\/index.php\/quienes-somos-2\/\"]}]},{\"@type\":\"ImageObject\",\"inLanguage\":\"es-CL\",\"@id\":\"https:\/\/pregoncriollo.cl\/index.php\/quienes-somos-2\/#primaryimage\",\"url\":\"https:\/\/pregoncriollo.cl\/wp-content\/uploads\/2025\/10\/c_portada1_webp.webp\",\"contentUrl\":\"https:\/\/pregoncriollo.cl\/wp-content\/uploads\/2025\/10\/c_portada1_webp.webp\",\"width\":1600,\"height\":1041},{\"@type\":\"BreadcrumbList\",\"@id\":\"https:\/\/pregoncriollo.cl\/index.php\/quienes-somos-2\/#breadcrumb\",\"itemListElement\":[{\"@type\":\"ListItem\",\"position\":1,\"name\":\"Portada\",\"item\":\"https:\/\/pregoncriollo.cl\/\"},{\"@type\":\"ListItem\",\"position\":2,\"name\":\"Qui\u00e9nes Somos\"}]},{\"@type\":\"WebSite\",\"@id\":\"https:\/\/pregoncriollo.cl\/#website\",\"url\":\"https:\/\/pregoncriollo.cl\/\",\"name\":\"Grupo Folcl\u00f3rico Preg\u00f3n Criollo\",\"description\":\"Sitio web oficial del Grupo Folcl\u00f3rico Preg\u00f3n Criollo\",\"publisher\":{\"@id\":\"https:\/\/pregoncriollo.cl\/#organization\"},\"potentialAction\":[{\"@type\":\"SearchAction\",\"target\":{\"@type\":\"EntryPoint\",\"urlTemplate\":\"https:\/\/pregoncriollo.cl\/?s={search_term_string}\"},\"query-input\":{\"@type\":\"PropertyValueSpecification\",\"valueRequired\":true,\"valueName\":\"search_term_string\"}}],\"inLanguage\":\"es-CL\"},{\"@type\":\"Organization\",\"@id\":\"https:\/\/pregoncriollo.cl\/#organization\",\"name\":\"Grupo Folcl\u00f3rico Preg\u00f3n Criollo\",\"url\":\"https:\/\/pregoncriollo.cl\/\",\"logo\":{\"@type\":\"ImageObject\",\"inLanguage\":\"es-CL\",\"@id\":\"https:\/\/pregoncriollo.cl\/#\/schema\/logo\/image\/\",\"url\":\"https:\/\/pregoncriollo.cl\/wp-content\/uploads\/2025\/10\/logo-pregon-webp.webp\",\"contentUrl\":\"https:\/\/pregoncriollo.cl\/wp-content\/uploads\/2025\/10\/logo-pregon-webp.webp\",\"width\":336,\"height\":120,\"caption\":\"Grupo Folcl\u00f3rico Preg\u00f3n Criollo\"},\"image\":{\"@id\":\"https:\/\/pregoncriollo.cl\/#\/schema\/logo\/image\/\"},\"sameAs\":[\"https:\/\/www.facebook.com\/PregonCriolloChile\/\",\"https:\/\/www.youtube.com\/channel\/UCv3UXkirClyHXugJfcCfDgg\",\"https:\/\/www.instagram.com\/pregoncriollo\/\"]}]}<\/script>\n<!-- \/ Yoast SEO plugin. -->","yoast_head_json":{"title":"Qui\u00e9nes Somos - Grupo Folcl\u00f3rico Preg\u00f3n Criollo","robots":{"index":"index","follow":"follow","max-snippet":"max-snippet:-1","max-image-preview":"max-image-preview:large","max-video-preview":"max-video-preview:-1"},"canonical":"https:\/\/pregoncriollo.cl\/index.php\/quienes-somos-2\/","og_locale":"es_ES","og_type":"article","og_title":"Qui\u00e9nes Somos - Grupo Folcl\u00f3rico Preg\u00f3n Criollo","og_description":"Nuestro objetivo es: &#8220;Rescatar y preservar nuestro patrimonio a trav\u00e9s de las formas musicales y danc\u00edsticas de nuestro folclore nacional y latinoamericano&#8221;. Misi\u00f3n \u201cContribuir y preservar nuestro patrimonio cultural, mediante la prospecci\u00f3n art\u00edstica de las formas musicales y danc\u00edsticas de nuestro folclore nacional con el fin de proyectarlas a la comunidad\u201d. Visi\u00f3n &#8220;Preservar, promover y ... Leer m\u00e1s","og_url":"https:\/\/pregoncriollo.cl\/index.php\/quienes-somos-2\/","og_site_name":"Grupo Folcl\u00f3rico Preg\u00f3n Criollo","article_publisher":"https:\/\/www.facebook.com\/PregonCriolloChile\/","article_modified_time":"2025-10-22T00:43:15+00:00","og_image":[{"url":"https:\/\/pregoncriollo.cl\/wp-content\/uploads\/2025\/10\/c_portada1_webp-1024x666.webp","type":"","width":"","height":""}],"twitter_card":"summary_large_image","twitter_misc":{"Tiempo estimado de lectura":"1 minuto"},"schema":{"@context":"https:\/\/schema.org","@graph":[{"@type":"WebPage","@id":"https:\/\/pregoncriollo.cl\/index.php\/quienes-somos-2\/","url":"https:\/\/pregoncriollo.cl\/index.php\/quienes-somos-2\/","name":"Qui\u00e9nes Somos - Grupo Folcl\u00f3rico Preg\u00f3n Criollo","isPartOf":{"@id":"https:\/\/pregoncriollo.cl\/#website"},"primaryImageOfPage":{"@id":"https:\/\/pregoncriollo.cl\/index.php\/quienes-somos-2\/#primaryimage"},"image":{"@id":"https:\/\/pregoncriollo.cl\/index.php\/quienes-somos-2\/#primaryimage"},"thumbnailUrl":"https:\/\/pregoncriollo.cl\/wp-content\/uploads\/2025\/10\/c_portada1_webp-1024x666.webp","datePublished":"2025-10-16T22:47:41+00:00","dateModified":"2025-10-22T00:43:15+00:00","breadcrumb":{"@id":"https:\/\/pregoncriollo.cl\/index.php\/quienes-somos-2\/#breadcrumb"},"inLanguage":"es-CL","potentialAction":[{"@type":"ReadAction","target":["https:\/\/pregoncriollo.cl\/index.php\/quienes-somos-2\/"]}]},{"@type":"ImageObject","inLanguage":"es-CL","@id":"https:\/\/pregoncriollo.cl\/index.php\/quienes-somos-2\/#primaryimage","url":"https:\/\/pregoncriollo.cl\/wp-content\/uploads\/2025\/10\/c_portada1_webp.webp","contentUrl":"https:\/\/pregoncriollo.cl\/wp-content\/uploads\/2025\/10\/c_portada1_webp.webp","width":1600,"height":1041},{"@type":"BreadcrumbList","@id":"https:\/\/pregoncriollo.cl\/index.php\/quienes-somos-2\/#breadcrumb","itemListElement":[{"@type":"ListItem","position":1,"name":"Portada","item":"https:\/\/pregoncriollo.cl\/"},{"@type":"ListItem","position":2,"name":"Qui\u00e9nes Somos"}]},{"@type":"WebSite","@id":"https:\/\/pregoncriollo.cl\/#website","url":"https:\/\/pregoncriollo.cl\/","name":"Grupo Folcl\u00f3rico Preg\u00f3n Criollo","description":"Sitio web oficial del Grupo Folcl\u00f3rico Preg\u00f3n Criollo","publisher":{"@id":"https:\/\/pregoncriollo.cl\/#organization"},"potentialAction":[{"@type":"SearchAction","target":{"@type":"EntryPoint","urlTemplate":"https:\/\/pregoncriollo.cl\/?s={search_term_string}"},"query-input":{"@type":"PropertyValueSpecification","valueRequired":true,"valueName":"search_term_string"}}],"inLanguage":"es-CL"},{"@type":"Organization","@id":"https:\/\/pregoncriollo.cl\/#organization","name":"Grupo Folcl\u00f3rico Preg\u00f3n Criollo","url":"https:\/\/pregoncriollo.cl\/","logo":{"@type":"ImageObject","inLanguage":"es-CL","@id":"https:\/\/pregoncriollo.cl\/#\/schema\/logo\/image\/","url":"https:\/\/pregoncriollo.cl\/wp-content\/uploads\/2025\/10\/logo-pregon-webp.webp","contentUrl":"https:\/\/pregoncriollo.cl\/wp-content\/uploads\/2025\/10\/logo-pregon-webp.webp","width":336,"height":120,"caption":"Grupo Folcl\u00f3rico Preg\u00f3n Criollo"},"image":{"@id":"https:\/\/pregoncriollo.cl\/#\/schema\/logo\/image\/"},"sameAs":["https:\/\/www.facebook.com\/PregonCriolloChile\/","https:\/\/www.youtube.com\/channel\/UCv3UXkirClyHXugJfcCfDgg","https:\/\/www.instagram.com\/pregoncriollo\/"]}]}},"_links":{"self":[{"href":"https:\/\/pregoncriollo.cl\/index.php\/wp-json\/wp\/v2\/pages\/334","targetHints":{"allow":["GET"]}}],"collection":[{"href":"https:\/\/pregoncriollo.cl\/index.php\/wp-json\/wp\/v2\/pages"}],"about":[{"href":"https:\/\/pregoncriollo.cl\/index.php\/wp-json\/wp\/v2\/types\/page"}],"author":[{"embeddable":true,"href":"https:\/\/pregoncriollo.cl\/index.php\/wp-json\/wp\/v2\/users\/1"}],"replies":[{"embeddable":true,"href":"https:\/\/pregoncriollo.cl\/index.php\/wp-json\/wp\/v2\/comments?post=334"}],"version-history":[{"count":10,"href":"https:\/\/pregoncriollo.cl\/index.php\/wp-json\/wp\/v2\/pages\/334\/revisions"}],"predecessor-version":[{"id":954,"href":"https:\/\/pregoncriollo.cl\/index.php\/wp-json\/wp\/v2\/pages\/334\/revisions\/954"}],"wp:attachment":[{"href":"https:\/\/pregoncriollo.cl\/index.php\/wp-json\/wp\/v2\/media?parent=334"}],"curies":[{"name":"wp","href":"https:\/\/api.w.org\/{rel}","templated":true}]}}