{"id":2,"date":"2025-10-01T11:37:13","date_gmt":"2025-10-01T14:37:13","guid":{"rendered":"https:\/\/pregoncriollo.cl\/?page_id=2"},"modified":"2025-10-19T23:09:24","modified_gmt":"2025-10-20T02:09:24","slug":"portada","status":"publish","type":"page","link":"https:\/\/pregoncriollo.cl\/","title":{"rendered":"Portada"},"content":{"rendered":"\n<div class=\"alignnormal\"><div id=\"metaslider-id-114\" style=\"width: 100%; margin: 0 auto;\" class=\"ml-slider-3-106-0 metaslider metaslider-flex metaslider-114 ml-slider decoracion_imagen has-onhover-arrows has-dots-onhover-navigation has-carousel-mode ms-theme-default\" role=\"region\" aria-label=\"c_Portada\" data-height=\"300\" data-width=\"700\">\n    <div id=\"metaslider_container_114\">\n        <div id=\"metaslider_114\">\n            <ul aria-live='off' class='slides'>\n                <li style=\"display: none; width: 100%;\" class=\"slide-465 ms-image \" aria-roledescription=\"slide\" data-date=\"2025-10-19 00:13:16\" data-filename=\"c_portada1_webp.webp\" data-slide-type=\"image\"><img loading=\"lazy\" decoding=\"async\" width=\"1600\" height=\"1041\" src=\"https:\/\/pregoncriollo.cl\/wp-content\/uploads\/2025\/10\/c_portada1_webp.webp\" class=\"slider-114 slide-465 msDefaultImage\" alt=\"\" rel=\"\" title=\"c_portada1_webp\" srcset=\"https:\/\/pregoncriollo.cl\/wp-content\/uploads\/2025\/10\/c_portada1_webp.webp 1600w, https:\/\/pregoncriollo.cl\/wp-content\/uploads\/2025\/10\/c_portada1_webp-300x195.webp 300w, https:\/\/pregoncriollo.cl\/wp-content\/uploads\/2025\/10\/c_portada1_webp-1024x666.webp 1024w, https:\/\/pregoncriollo.cl\/wp-content\/uploads\/2025\/10\/c_portada1_webp-768x500.webp 768w, https:\/\/pregoncriollo.cl\/wp-content\/uploads\/2025\/10\/c_portada1_webp-1536x999.webp 1536w\" sizes=\"auto, (max-width: 1600px) 100vw, 1600px\" \/><\/li>\n                <li style=\"display: none; width: 100%;\" class=\"slide-466 ms-image \" aria-roledescription=\"slide\" data-date=\"2025-10-19 00:13:16\" data-filename=\"c_portada9_webp.webp\" data-slide-type=\"image\"><img loading=\"lazy\" decoding=\"async\" width=\"1600\" height=\"1041\" src=\"https:\/\/pregoncriollo.cl\/wp-content\/uploads\/2025\/10\/c_portada9_webp.webp\" class=\"slider-114 slide-466 msDefaultImage\" alt=\"\" rel=\"\" title=\"c_portada9_webp\" srcset=\"https:\/\/pregoncriollo.cl\/wp-content\/uploads\/2025\/10\/c_portada9_webp.webp 1600w, https:\/\/pregoncriollo.cl\/wp-content\/uploads\/2025\/10\/c_portada9_webp-300x195.webp 300w, https:\/\/pregoncriollo.cl\/wp-content\/uploads\/2025\/10\/c_portada9_webp-1024x666.webp 1024w, https:\/\/pregoncriollo.cl\/wp-content\/uploads\/2025\/10\/c_portada9_webp-768x500.webp 768w, https:\/\/pregoncriollo.cl\/wp-content\/uploads\/2025\/10\/c_portada9_webp-1536x999.webp 1536w\" sizes=\"auto, (max-width: 1600px) 100vw, 1600px\" \/><\/li>\n                <li style=\"display: none; width: 100%;\" class=\"slide-467 ms-image \" aria-roledescription=\"slide\" data-date=\"2025-10-19 00:13:16\" data-filename=\"c_portada8_webp.webp\" data-slide-type=\"image\"><img loading=\"lazy\" decoding=\"async\" width=\"1600\" height=\"1041\" src=\"https:\/\/pregoncriollo.cl\/wp-content\/uploads\/2025\/10\/c_portada8_webp.webp\" class=\"slider-114 slide-467 msDefaultImage\" alt=\"\" rel=\"\" title=\"c_portada8_webp\" srcset=\"https:\/\/pregoncriollo.cl\/wp-content\/uploads\/2025\/10\/c_portada8_webp.webp 1600w, https:\/\/pregoncriollo.cl\/wp-content\/uploads\/2025\/10\/c_portada8_webp-300x195.webp 300w, https:\/\/pregoncriollo.cl\/wp-content\/uploads\/2025\/10\/c_portada8_webp-1024x666.webp 1024w, https:\/\/pregoncriollo.cl\/wp-content\/uploads\/2025\/10\/c_portada8_webp-768x500.webp 768w, https:\/\/pregoncriollo.cl\/wp-content\/uploads\/2025\/10\/c_portada8_webp-1536x999.webp 1536w\" sizes=\"auto, (max-width: 1600px) 100vw, 1600px\" \/><\/li>\n                <li style=\"display: none; width: 100%;\" class=\"slide-468 ms-image \" aria-roledescription=\"slide\" data-date=\"2025-10-19 00:13:17\" data-filename=\"c_portada7_webp.webp\" data-slide-type=\"image\"><img loading=\"lazy\" decoding=\"async\" width=\"1600\" height=\"1041\" src=\"https:\/\/pregoncriollo.cl\/wp-content\/uploads\/2025\/10\/c_portada7_webp.webp\" class=\"slider-114 slide-468 msDefaultImage\" alt=\"\" rel=\"\" title=\"c_portada7_webp\" srcset=\"https:\/\/pregoncriollo.cl\/wp-content\/uploads\/2025\/10\/c_portada7_webp.webp 1600w, https:\/\/pregoncriollo.cl\/wp-content\/uploads\/2025\/10\/c_portada7_webp-300x195.webp 300w, https:\/\/pregoncriollo.cl\/wp-content\/uploads\/2025\/10\/c_portada7_webp-1024x666.webp 1024w, https:\/\/pregoncriollo.cl\/wp-content\/uploads\/2025\/10\/c_portada7_webp-768x500.webp 768w, https:\/\/pregoncriollo.cl\/wp-content\/uploads\/2025\/10\/c_portada7_webp-1536x999.webp 1536w\" sizes=\"auto, (max-width: 1600px) 100vw, 1600px\" \/><\/li>\n                <li style=\"display: none; width: 100%;\" class=\"slide-469 ms-image \" aria-roledescription=\"slide\" data-date=\"2025-10-19 00:13:17\" data-filename=\"c_portada6_webp.webp\" data-slide-type=\"image\"><img loading=\"lazy\" decoding=\"async\" width=\"1600\" height=\"1041\" src=\"https:\/\/pregoncriollo.cl\/wp-content\/uploads\/2025\/10\/c_portada6_webp.webp\" class=\"slider-114 slide-469 msDefaultImage\" alt=\"\" rel=\"\" title=\"c_portada6_webp\" srcset=\"https:\/\/pregoncriollo.cl\/wp-content\/uploads\/2025\/10\/c_portada6_webp.webp 1600w, https:\/\/pregoncriollo.cl\/wp-content\/uploads\/2025\/10\/c_portada6_webp-300x195.webp 300w, https:\/\/pregoncriollo.cl\/wp-content\/uploads\/2025\/10\/c_portada6_webp-1024x666.webp 1024w, https:\/\/pregoncriollo.cl\/wp-content\/uploads\/2025\/10\/c_portada6_webp-768x500.webp 768w, https:\/\/pregoncriollo.cl\/wp-content\/uploads\/2025\/10\/c_portada6_webp-1536x999.webp 1536w\" sizes=\"auto, (max-width: 1600px) 100vw, 1600px\" \/><\/li>\n                <li style=\"display: none; width: 100%;\" class=\"slide-470 ms-image \" aria-roledescription=\"slide\" data-date=\"2025-10-19 00:13:17\" data-filename=\"c_portada5_webp.webp\" data-slide-type=\"image\"><img loading=\"lazy\" decoding=\"async\" width=\"1600\" height=\"1041\" src=\"https:\/\/pregoncriollo.cl\/wp-content\/uploads\/2025\/10\/c_portada5_webp.webp\" class=\"slider-114 slide-470 msDefaultImage\" alt=\"\" rel=\"\" title=\"c_portada5_webp\" srcset=\"https:\/\/pregoncriollo.cl\/wp-content\/uploads\/2025\/10\/c_portada5_webp.webp 1600w, https:\/\/pregoncriollo.cl\/wp-content\/uploads\/2025\/10\/c_portada5_webp-300x195.webp 300w, https:\/\/pregoncriollo.cl\/wp-content\/uploads\/2025\/10\/c_portada5_webp-1024x666.webp 1024w, https:\/\/pregoncriollo.cl\/wp-content\/uploads\/2025\/10\/c_portada5_webp-768x500.webp 768w, https:\/\/pregoncriollo.cl\/wp-content\/uploads\/2025\/10\/c_portada5_webp-1536x999.webp 1536w\" sizes=\"auto, (max-width: 1600px) 100vw, 1600px\" \/><\/li>\n                <li style=\"display: none; width: 100%;\" class=\"slide-471 ms-image \" aria-roledescription=\"slide\" data-date=\"2025-10-19 00:13:17\" data-filename=\"c_portada4_webp.webp\" data-slide-type=\"image\"><img loading=\"lazy\" decoding=\"async\" width=\"1600\" height=\"1041\" src=\"https:\/\/pregoncriollo.cl\/wp-content\/uploads\/2025\/10\/c_portada4_webp.webp\" class=\"slider-114 slide-471 msDefaultImage\" alt=\"\" rel=\"\" title=\"c_portada4_webp\" srcset=\"https:\/\/pregoncriollo.cl\/wp-content\/uploads\/2025\/10\/c_portada4_webp.webp 1600w, https:\/\/pregoncriollo.cl\/wp-content\/uploads\/2025\/10\/c_portada4_webp-300x195.webp 300w, https:\/\/pregoncriollo.cl\/wp-content\/uploads\/2025\/10\/c_portada4_webp-1024x666.webp 1024w, https:\/\/pregoncriollo.cl\/wp-content\/uploads\/2025\/10\/c_portada4_webp-768x500.webp 768w, https:\/\/pregoncriollo.cl\/wp-content\/uploads\/2025\/10\/c_portada4_webp-1536x999.webp 1536w\" sizes=\"auto, (max-width: 1600px) 100vw, 1600px\" \/><\/li>\n                <li style=\"display: none; width: 100%;\" class=\"slide-473 ms-image \" aria-roledescription=\"slide\" data-date=\"2025-10-19 00:13:17\" data-filename=\"c_portada2_webp.webp\" data-slide-type=\"image\"><img loading=\"lazy\" decoding=\"async\" width=\"1600\" height=\"1041\" src=\"https:\/\/pregoncriollo.cl\/wp-content\/uploads\/2025\/10\/c_portada2_webp.webp\" class=\"slider-114 slide-473 msDefaultImage\" alt=\"\" rel=\"\" title=\"c_portada2_webp\" srcset=\"https:\/\/pregoncriollo.cl\/wp-content\/uploads\/2025\/10\/c_portada2_webp.webp 1600w, https:\/\/pregoncriollo.cl\/wp-content\/uploads\/2025\/10\/c_portada2_webp-300x195.webp 300w, https:\/\/pregoncriollo.cl\/wp-content\/uploads\/2025\/10\/c_portada2_webp-1024x666.webp 1024w, https:\/\/pregoncriollo.cl\/wp-content\/uploads\/2025\/10\/c_portada2_webp-768x500.webp 768w, https:\/\/pregoncriollo.cl\/wp-content\/uploads\/2025\/10\/c_portada2_webp-1536x999.webp 1536w\" sizes=\"auto, (max-width: 1600px) 100vw, 1600px\" \/><\/li>\n                <li style=\"display: none; width: 100%;\" class=\"slide-472 ms-image \" aria-roledescription=\"slide\" data-date=\"2025-10-19 00:13:17\" data-filename=\"c_portada3_webp.webp\" data-slide-type=\"image\"><img loading=\"lazy\" decoding=\"async\" width=\"1600\" height=\"1041\" src=\"https:\/\/pregoncriollo.cl\/wp-content\/uploads\/2025\/10\/c_portada3_webp.webp\" class=\"slider-114 slide-472 msDefaultImage\" alt=\"\" rel=\"\" title=\"c_portada3_webp\" srcset=\"https:\/\/pregoncriollo.cl\/wp-content\/uploads\/2025\/10\/c_portada3_webp.webp 1600w, https:\/\/pregoncriollo.cl\/wp-content\/uploads\/2025\/10\/c_portada3_webp-300x195.webp 300w, https:\/\/pregoncriollo.cl\/wp-content\/uploads\/2025\/10\/c_portada3_webp-1024x666.webp 1024w, https:\/\/pregoncriollo.cl\/wp-content\/uploads\/2025\/10\/c_portada3_webp-768x500.webp 768w, https:\/\/pregoncriollo.cl\/wp-content\/uploads\/2025\/10\/c_portada3_webp-1536x999.webp 1536w\" sizes=\"auto, (max-width: 1600px) 100vw, 1600px\" \/><\/li>\n            <\/ul>\n        <\/div>\n        \n    <\/div>\n<\/div><\/div>\n","protected":false},"excerpt":{"rendered":"","protected":false},"author":1,"featured_media":0,"parent":0,"menu_order":0,"comment_status":"closed","ping_status":"open","template":"","meta":{"footnotes":""},"class_list":["post-2","page","type-page","status-publish"],"yoast_head":"<!-- This site is optimized with the Yoast SEO plugin v27.2 - https:\/\/yoast.com\/product\/yoast-seo-wordpress\/ -->\n<title>Portada - Grupo Folcl\u00f3rico Preg\u00f3n Criollo<\/title>\n<meta name=\"description\" content=\"Grupo Folcl\u00f3rico Preg\u00f3n Criollo de Chile. Preservamos y difundimos el folclore nacional. Descubre nuestro repertorio de m\u00fasica y danzas chilenas.\" \/>\n<meta name=\"robots\" content=\"index, follow, max-snippet:-1, max-image-preview:large, max-video-preview:-1\" \/>\n<link rel=\"canonical\" href=\"https:\/\/pregoncriollo.cl\/\" \/>\n<meta property=\"og:locale\" content=\"es_ES\" \/>\n<meta property=\"og:type\" content=\"article\" \/>\n<meta property=\"og:title\" content=\"Portada - Grupo Folcl\u00f3rico Preg\u00f3n Criollo\" \/>\n<meta property=\"og:description\" content=\"Grupo Folcl\u00f3rico Preg\u00f3n Criollo de Chile. Preservamos y difundimos el folclore nacional. Descubre nuestro repertorio de m\u00fasica y danzas chilenas.\" \/>\n<meta property=\"og:url\" content=\"https:\/\/pregoncriollo.cl\/\" \/>\n<meta property=\"og:site_name\" content=\"Grupo Folcl\u00f3rico Preg\u00f3n Criollo\" \/>\n<meta property=\"article:publisher\" content=\"https:\/\/www.facebook.com\/PregonCriolloChile\/\" \/>\n<meta property=\"article:modified_time\" content=\"2025-10-20T02:09:24+00:00\" \/>\n<meta name=\"twitter:card\" content=\"summary_large_image\" \/>\n<meta name=\"twitter:label1\" content=\"Tiempo estimado de lectura\" \/>\n\t<meta name=\"twitter:data1\" content=\"1 minuto\" \/>\n<script type=\"application\/ld+json\" class=\"yoast-schema-graph\">{\"@context\":\"https:\/\/schema.org\",\"@graph\":[{\"@type\":\"WebPage\",\"@id\":\"https:\/\/pregoncriollo.cl\/\",\"url\":\"https:\/\/pregoncriollo.cl\/\",\"name\":\"Portada - Grupo Folcl\u00f3rico Preg\u00f3n Criollo\",\"isPartOf\":{\"@id\":\"https:\/\/pregoncriollo.cl\/#website\"},\"datePublished\":\"2025-10-01T14:37:13+00:00\",\"dateModified\":\"2025-10-20T02:09:24+00:00\",\"description\":\"Grupo Folcl\u00f3rico Preg\u00f3n Criollo de Chile. Preservamos y difundimos el folclore nacional. Descubre nuestro repertorio de m\u00fasica y danzas chilenas.\",\"breadcrumb\":{\"@id\":\"https:\/\/pregoncriollo.cl\/#breadcrumb\"},\"inLanguage\":\"es-CL\",\"potentialAction\":[{\"@type\":\"ReadAction\",\"target\":[\"https:\/\/pregoncriollo.cl\/\"]}]},{\"@type\":\"BreadcrumbList\",\"@id\":\"https:\/\/pregoncriollo.cl\/#breadcrumb\",\"itemListElement\":[{\"@type\":\"ListItem\",\"position\":1,\"name\":\"Portada\",\"item\":\"https:\/\/pregoncriollo.cl\/\"},{\"@type\":\"ListItem\",\"position\":2,\"name\":\"Portada\"}]},{\"@type\":\"WebSite\",\"@id\":\"https:\/\/pregoncriollo.cl\/#website\",\"url\":\"https:\/\/pregoncriollo.cl\/\",\"name\":\"Grupo Folcl\u00f3rico Preg\u00f3n Criollo\",\"description\":\"Sitio web oficial del Grupo Folcl\u00f3rico Preg\u00f3n Criollo\",\"publisher\":{\"@id\":\"https:\/\/pregoncriollo.cl\/#organization\"},\"potentialAction\":[{\"@type\":\"SearchAction\",\"target\":{\"@type\":\"EntryPoint\",\"urlTemplate\":\"https:\/\/pregoncriollo.cl\/?s={search_term_string}\"},\"query-input\":{\"@type\":\"PropertyValueSpecification\",\"valueRequired\":true,\"valueName\":\"search_term_string\"}}],\"inLanguage\":\"es-CL\"},{\"@type\":\"Organization\",\"@id\":\"https:\/\/pregoncriollo.cl\/#organization\",\"name\":\"Grupo Folcl\u00f3rico Preg\u00f3n Criollo\",\"url\":\"https:\/\/pregoncriollo.cl\/\",\"logo\":{\"@type\":\"ImageObject\",\"inLanguage\":\"es-CL\",\"@id\":\"https:\/\/pregoncriollo.cl\/#\/schema\/logo\/image\/\",\"url\":\"https:\/\/pregoncriollo.cl\/wp-content\/uploads\/2025\/10\/logo-pregon-webp.webp\",\"contentUrl\":\"https:\/\/pregoncriollo.cl\/wp-content\/uploads\/2025\/10\/logo-pregon-webp.webp\",\"width\":336,\"height\":120,\"caption\":\"Grupo Folcl\u00f3rico Preg\u00f3n Criollo\"},\"image\":{\"@id\":\"https:\/\/pregoncriollo.cl\/#\/schema\/logo\/image\/\"},\"sameAs\":[\"https:\/\/www.facebook.com\/PregonCriolloChile\/\",\"https:\/\/www.youtube.com\/channel\/UCv3UXkirClyHXugJfcCfDgg\",\"https:\/\/www.instagram.com\/pregoncriollo\/\"]}]}<\/script>\n<!-- \/ Yoast SEO plugin. -->","yoast_head_json":{"title":"Portada - Grupo Folcl\u00f3rico Preg\u00f3n Criollo","description":"Grupo Folcl\u00f3rico Preg\u00f3n Criollo de Chile. Preservamos y difundimos el folclore nacional. Descubre nuestro repertorio de m\u00fasica y danzas chilenas.","robots":{"index":"index","follow":"follow","max-snippet":"max-snippet:-1","max-image-preview":"max-image-preview:large","max-video-preview":"max-video-preview:-1"},"canonical":"https:\/\/pregoncriollo.cl\/","og_locale":"es_ES","og_type":"article","og_title":"Portada - Grupo Folcl\u00f3rico Preg\u00f3n Criollo","og_description":"Grupo Folcl\u00f3rico Preg\u00f3n Criollo de Chile. Preservamos y difundimos el folclore nacional. Descubre nuestro repertorio de m\u00fasica y danzas chilenas.","og_url":"https:\/\/pregoncriollo.cl\/","og_site_name":"Grupo Folcl\u00f3rico Preg\u00f3n Criollo","article_publisher":"https:\/\/www.facebook.com\/PregonCriolloChile\/","article_modified_time":"2025-10-20T02:09:24+00:00","twitter_card":"summary_large_image","twitter_misc":{"Tiempo estimado de lectura":"1 minuto"},"schema":{"@context":"https:\/\/schema.org","@graph":[{"@type":"WebPage","@id":"https:\/\/pregoncriollo.cl\/","url":"https:\/\/pregoncriollo.cl\/","name":"Portada - Grupo Folcl\u00f3rico Preg\u00f3n Criollo","isPartOf":{"@id":"https:\/\/pregoncriollo.cl\/#website"},"datePublished":"2025-10-01T14:37:13+00:00","dateModified":"2025-10-20T02:09:24+00:00","description":"Grupo Folcl\u00f3rico Preg\u00f3n Criollo de Chile. Preservamos y difundimos el folclore nacional. Descubre nuestro repertorio de m\u00fasica y danzas chilenas.","breadcrumb":{"@id":"https:\/\/pregoncriollo.cl\/#breadcrumb"},"inLanguage":"es-CL","potentialAction":[{"@type":"ReadAction","target":["https:\/\/pregoncriollo.cl\/"]}]},{"@type":"BreadcrumbList","@id":"https:\/\/pregoncriollo.cl\/#breadcrumb","itemListElement":[{"@type":"ListItem","position":1,"name":"Portada","item":"https:\/\/pregoncriollo.cl\/"},{"@type":"ListItem","position":2,"name":"Portada"}]},{"@type":"WebSite","@id":"https:\/\/pregoncriollo.cl\/#website","url":"https:\/\/pregoncriollo.cl\/","name":"Grupo Folcl\u00f3rico Preg\u00f3n Criollo","description":"Sitio web oficial del Grupo Folcl\u00f3rico Preg\u00f3n Criollo","publisher":{"@id":"https:\/\/pregoncriollo.cl\/#organization"},"potentialAction":[{"@type":"SearchAction","target":{"@type":"EntryPoint","urlTemplate":"https:\/\/pregoncriollo.cl\/?s={search_term_string}"},"query-input":{"@type":"PropertyValueSpecification","valueRequired":true,"valueName":"search_term_string"}}],"inLanguage":"es-CL"},{"@type":"Organization","@id":"https:\/\/pregoncriollo.cl\/#organization","name":"Grupo Folcl\u00f3rico Preg\u00f3n Criollo","url":"https:\/\/pregoncriollo.cl\/","logo":{"@type":"ImageObject","inLanguage":"es-CL","@id":"https:\/\/pregoncriollo.cl\/#\/schema\/logo\/image\/","url":"https:\/\/pregoncriollo.cl\/wp-content\/uploads\/2025\/10\/logo-pregon-webp.webp","contentUrl":"https:\/\/pregoncriollo.cl\/wp-content\/uploads\/2025\/10\/logo-pregon-webp.webp","width":336,"height":120,"caption":"Grupo Folcl\u00f3rico Preg\u00f3n Criollo"},"image":{"@id":"https:\/\/pregoncriollo.cl\/#\/schema\/logo\/image\/"},"sameAs":["https:\/\/www.facebook.com\/PregonCriolloChile\/","https:\/\/www.youtube.com\/channel\/UCv3UXkirClyHXugJfcCfDgg","https:\/\/www.instagram.com\/pregoncriollo\/"]}]}},"_links":{"self":[{"href":"https:\/\/pregoncriollo.cl\/index.php\/wp-json\/wp\/v2\/pages\/2","targetHints":{"allow":["GET"]}}],"collection":[{"href":"https:\/\/pregoncriollo.cl\/index.php\/wp-json\/wp\/v2\/pages"}],"about":[{"href":"https:\/\/pregoncriollo.cl\/index.php\/wp-json\/wp\/v2\/types\/page"}],"author":[{"embeddable":true,"href":"https:\/\/pregoncriollo.cl\/index.php\/wp-json\/wp\/v2\/users\/1"}],"replies":[{"embeddable":true,"href":"https:\/\/pregoncriollo.cl\/index.php\/wp-json\/wp\/v2\/comments?post=2"}],"version-history":[{"count":6,"href":"https:\/\/pregoncriollo.cl\/index.php\/wp-json\/wp\/v2\/pages\/2\/revisions"}],"predecessor-version":[{"id":887,"href":"https:\/\/pregoncriollo.cl\/index.php\/wp-json\/wp\/v2\/pages\/2\/revisions\/887"}],"wp:attachment":[{"href":"https:\/\/pregoncriollo.cl\/index.php\/wp-json\/wp\/v2\/media?parent=2"}],"curies":[{"name":"wp","href":"https:\/\/api.w.org\/{rel}","templated":true}]}}